{"id":3458,"date":"2026-01-30T09:56:32","date_gmt":"2026-01-30T08:56:32","guid":{"rendered":"https:\/\/vb-bachstein.de\/wolfsburg\/?page_id=3458"},"modified":"2026-02-11T10:28:49","modified_gmt":"2026-02-11T09:28:49","slug":"fundsachen","status":"publish","type":"page","link":"https:\/\/vb-bachstein.de\/wolfsburg\/service\/fundsachen\/","title":{"rendered":"Fundsachen"},"content":{"rendered":"\t\t<div data-elementor-type=\"wp-page\" data-elementor-id=\"3458\" class=\"elementor elementor-3458\" data-elementor-post-type=\"page\">\n\t\t\t\t<div class=\"elementor-element elementor-element-3f00b19 e-flex e-con-boxed wpr-particle-no wpr-jarallax-no wpr-parallax-no wpr-sticky-section-no wpr-equal-height-no e-con e-parent\" data-id=\"3f00b19\" data-element_type=\"container\" data-e-type=\"container\">\n\t\t\t\t\t<div class=\"e-con-inner\">\n\t\t<div class=\"elementor-element elementor-element-eee0a33 e-con-full e-flex wpr-particle-no wpr-jarallax-no wpr-parallax-no wpr-sticky-section-no wpr-equal-height-no e-con e-child\" data-id=\"eee0a33\" data-element_type=\"container\" data-e-type=\"container\">\n\t\t\t\t<div class=\"elementor-element elementor-element-0093360 elementor-widget elementor-widget-heading\" data-id=\"0093360\" data-element_type=\"widget\" data-e-type=\"widget\" data-widget_type=\"heading.default\">\n\t\t\t\t<div class=\"elementor-widget-container\">\n\t\t\t\t\t<h2 class=\"elementor-heading-title elementor-size-default\">DEIN ONLINE-FUNDB\u00dcRO<\/h2>\t\t\t\t<\/div>\n\t\t\t\t<\/div>\n\t\t\t\t<div class=\"elementor-element elementor-element-77c93f1 elementor-widget elementor-widget-text-editor\" data-id=\"77c93f1\" data-element_type=\"widget\" data-e-type=\"widget\" data-widget_type=\"text-editor.default\">\n\t\t\t\t<div class=\"elementor-widget-container\">\n\t\t\t\t\t\t\t\t\t<p data-start=\"219\" data-end=\"251\"><strong>Fundsachen online suchen + einfach abholen!<\/strong><\/p><p data-start=\"306\" data-end=\"498\">Du hast etwas in einem unserer Busse verloren? Mit unserem <strong data-start=\"393\" data-end=\"412\">Online-Fundb\u00fcro<\/strong> kannst du jederzeit pr\u00fcfen, ob dein Gegenstand bei uns als Fundsache eingegangen ist.<\/p>\t\t\t\t\t\t\t\t<\/div>\n\t\t\t\t<\/div>\n\t\t\t\t<\/div>\n\t\t<div class=\"elementor-element elementor-element-75fcd40 e-con-full e-flex wpr-particle-no wpr-jarallax-no wpr-parallax-no wpr-sticky-section-no wpr-equal-height-no e-con e-child\" data-id=\"75fcd40\" data-element_type=\"container\" data-e-type=\"container\">\n\t\t\t\t<\/div>\n\t\t\t\t\t<\/div>\n\t\t\t\t<\/div>\n\t\t<div class=\"elementor-element elementor-element-16c72a5 e-flex e-con-boxed wpr-particle-no wpr-jarallax-no wpr-parallax-no wpr-sticky-section-no wpr-equal-height-no e-con e-parent\" data-id=\"16c72a5\" data-element_type=\"container\" data-e-type=\"container\">\n\t\t\t\t\t<div class=\"e-con-inner\">\n\t\t\t\t<div class=\"elementor-element elementor-element-2d35c72 elementor-widget elementor-widget-text-editor\" data-id=\"2d35c72\" data-element_type=\"widget\" data-e-type=\"widget\" data-widget_type=\"text-editor.default\">\n\t\t\t\t<div class=\"elementor-widget-container\">\n\t\t\t\t\t\t\t\t\t<h3 data-start=\"504\" data-end=\"549\">Hinweis: Online-Fundb\u00fcro im Wartungsmodus<\/h3><p data-start=\"551\" data-end=\"739\">Unser Online-Fundb\u00fcro ist derzeit aufgrund von Wartungsarbeiten vor\u00fcbergehend nicht verf\u00fcgbar.<br data-start=\"645\" data-end=\"648\" \/>Wir arbeiten mit Hochdruck daran, den Service so schnell wie m\u00f6glich wieder freizuschalten.<\/p><p data-start=\"741\" data-end=\"832\"><b>W\u00e4hrend der Dauer der Wartungsarbeiten kannst du dich telefonisch nach deiner Fundsache erkundigen unter: 05363 989890<\/b><\/p><p data-start=\"741\" data-end=\"832\">\u00a0Vielen Dank f\u00fcr dein Verst\u00e4ndnis<\/p>\t\t\t\t\t\t\t\t<\/div>\n\t\t\t\t<\/div>\n\t\t\t\t<div class=\"elementor-element elementor-element-7eda990 elementor-widget elementor-widget-spacer\" data-id=\"7eda990\" data-element_type=\"widget\" data-e-type=\"widget\" data-widget_type=\"spacer.default\">\n\t\t\t\t<div class=\"elementor-widget-container\">\n\t\t\t\t\t\t\t<div class=\"elementor-spacer\">\n\t\t\t<div class=\"elementor-spacer-inner\"><\/div>\n\t\t<\/div>\n\t\t\t\t\t\t<\/div>\n\t\t\t\t<\/div>\n\t\t\t\t\t<\/div>\n\t\t\t\t<\/div>\n\t\t\t\t<\/div>\n\t\t","protected":false},"excerpt":{"rendered":"<p>DEIN ONLINE-FUNDB\u00dcRO Fundsachen online suchen + einfach abholen! Du hast etwas in einem unserer Busse verloren? Mit unserem Online-Fundb\u00fcro kannst du jederzeit pr\u00fcfen, ob dein Gegenstand bei uns als Fundsache eingegangen ist. Hinweis: Online-Fundb\u00fcro im Wartungsmodus Unser Online-Fundb\u00fcro ist derzeit aufgrund von Wartungsarbeiten vor\u00fcbergehend nicht verf\u00fcgbar.Wir arbeiten mit Hochdruck daran, den Service so schnell wie m\u00f6glich wieder freizuschalten. W\u00e4hrend der Dauer der Wartungsarbeiten kannst du dich telefonisch nach deiner Fundsache erkundigen unter: 05363 989890 \u00a0Vielen Dank f\u00fcr dein Verst\u00e4ndnis<\/p>\n","protected":false},"author":4,"featured_media":4134,"parent":16,"menu_order":2,"comment_status":"closed","ping_status":"closed","template":"","meta":{"footnotes":""},"class_list":["post-3458","page","type-page","status-publish","has-post-thumbnail","hentry"],"yoast_head":"<!-- This site is optimized with the Yoast SEO plugin v27.4 - https:\/\/yoast.com\/product\/yoast-seo-wordpress\/ -->\n<title>Fundsachen - VB-Wolfsburg<\/title>\n<meta name=\"robots\" content=\"index, follow, max-snippet:-1, max-image-preview:large, max-video-preview:-1\" \/>\n<link rel=\"canonical\" href=\"https:\/\/vb-bachstein.de\/wolfsburg\/service\/fundsachen\/\" \/>\n<meta property=\"og:locale\" content=\"de_DE\" \/>\n<meta property=\"og:type\" content=\"article\" \/>\n<meta property=\"og:title\" content=\"Fundsachen - VB-Wolfsburg\" \/>\n<meta property=\"og:description\" content=\"DEIN ONLINE-FUNDB\u00dcRO Fundsachen online suchen + einfach abholen! Du hast etwas in einem unserer Busse verloren? Mit unserem Online-Fundb\u00fcro kannst du jederzeit pr\u00fcfen, ob dein Gegenstand bei uns als Fundsache eingegangen ist. Hinweis: Online-Fundb\u00fcro im Wartungsmodus Unser Online-Fundb\u00fcro ist derzeit aufgrund von Wartungsarbeiten vor\u00fcbergehend nicht verf\u00fcgbar.Wir arbeiten mit Hochdruck daran, den Service so schnell wie m\u00f6glich wieder freizuschalten. W\u00e4hrend der Dauer der Wartungsarbeiten kannst du dich telefonisch nach deiner Fundsache erkundigen unter: 05363 989890 \u00a0Vielen Dank f\u00fcr dein Verst\u00e4ndnis\" \/>\n<meta property=\"og:url\" content=\"https:\/\/vb-bachstein.de\/wolfsburg\/service\/fundsachen\/\" \/>\n<meta property=\"og:site_name\" content=\"VB-Wolfsburg\" \/>\n<meta property=\"article:modified_time\" content=\"2026-02-11T09:28:49+00:00\" \/>\n<meta name=\"twitter:card\" content=\"summary_large_image\" \/>\n<meta name=\"twitter:label1\" content=\"Gesch\u00e4tzte Lesezeit\" \/>\n\t<meta name=\"twitter:data1\" content=\"1\u00a0Minute\" \/>\n<script type=\"application\/ld+json\" class=\"yoast-schema-graph\">{\"@context\":\"https:\\\/\\\/schema.org\",\"@graph\":[{\"@type\":\"WebPage\",\"@id\":\"https:\\\/\\\/vb-bachstein.de\\\/wolfsburg\\\/service\\\/fundsachen\\\/\",\"url\":\"https:\\\/\\\/vb-bachstein.de\\\/wolfsburg\\\/service\\\/fundsachen\\\/\",\"name\":\"Fundsachen - VB-Wolfsburg\",\"isPartOf\":{\"@id\":\"https:\\\/\\\/vb-bachstein.de\\\/wolfsburg\\\/#website\"},\"primaryImageOfPage\":{\"@id\":\"https:\\\/\\\/vb-bachstein.de\\\/wolfsburg\\\/service\\\/fundsachen\\\/#primaryimage\"},\"image\":{\"@id\":\"https:\\\/\\\/vb-bachstein.de\\\/wolfsburg\\\/service\\\/fundsachen\\\/#primaryimage\"},\"thumbnailUrl\":\"https:\\\/\\\/vb-bachstein.de\\\/wolfsburg\\\/wp-content\\\/uploads\\\/sites\\\/14\\\/header-subsite_fundsachen.jpg\",\"datePublished\":\"2026-01-30T08:56:32+00:00\",\"dateModified\":\"2026-02-11T09:28:49+00:00\",\"breadcrumb\":{\"@id\":\"https:\\\/\\\/vb-bachstein.de\\\/wolfsburg\\\/service\\\/fundsachen\\\/#breadcrumb\"},\"inLanguage\":\"de\",\"potentialAction\":[{\"@type\":\"ReadAction\",\"target\":[\"https:\\\/\\\/vb-bachstein.de\\\/wolfsburg\\\/service\\\/fundsachen\\\/\"]}]},{\"@type\":\"ImageObject\",\"inLanguage\":\"de\",\"@id\":\"https:\\\/\\\/vb-bachstein.de\\\/wolfsburg\\\/service\\\/fundsachen\\\/#primaryimage\",\"url\":\"https:\\\/\\\/vb-bachstein.de\\\/wolfsburg\\\/wp-content\\\/uploads\\\/sites\\\/14\\\/header-subsite_fundsachen.jpg\",\"contentUrl\":\"https:\\\/\\\/vb-bachstein.de\\\/wolfsburg\\\/wp-content\\\/uploads\\\/sites\\\/14\\\/header-subsite_fundsachen.jpg\"},{\"@type\":\"BreadcrumbList\",\"@id\":\"https:\\\/\\\/vb-bachstein.de\\\/wolfsburg\\\/service\\\/fundsachen\\\/#breadcrumb\",\"itemListElement\":[{\"@type\":\"ListItem\",\"position\":1,\"name\":\"Startseite\",\"item\":\"https:\\\/\\\/vb-bachstein.de\\\/wolfsburg\\\/\"},{\"@type\":\"ListItem\",\"position\":2,\"name\":\"Service\",\"item\":\"https:\\\/\\\/vb-bachstein.de\\\/wolfsburg\\\/service\\\/\"},{\"@type\":\"ListItem\",\"position\":3,\"name\":\"Fundsachen\"}]},{\"@type\":\"WebSite\",\"@id\":\"https:\\\/\\\/vb-bachstein.de\\\/wolfsburg\\\/#website\",\"url\":\"https:\\\/\\\/vb-bachstein.de\\\/wolfsburg\\\/\",\"name\":\"VB-Wolfsburg\",\"description\":\"\",\"publisher\":{\"@id\":\"https:\\\/\\\/vb-bachstein.de\\\/wolfsburg\\\/#organization\"},\"potentialAction\":[{\"@type\":\"SearchAction\",\"target\":{\"@type\":\"EntryPoint\",\"urlTemplate\":\"https:\\\/\\\/vb-bachstein.de\\\/wolfsburg\\\/?s={search_term_string}\"},\"query-input\":{\"@type\":\"PropertyValueSpecification\",\"valueRequired\":true,\"valueName\":\"search_term_string\"}}],\"inLanguage\":\"de\"},{\"@type\":\"Organization\",\"@id\":\"https:\\\/\\\/vb-bachstein.de\\\/wolfsburg\\\/#organization\",\"name\":\"VB-Wolfsburg\",\"url\":\"https:\\\/\\\/vb-bachstein.de\\\/wolfsburg\\\/\",\"logo\":{\"@type\":\"ImageObject\",\"inLanguage\":\"de\",\"@id\":\"https:\\\/\\\/vb-bachstein.de\\\/wolfsburg\\\/#\\\/schema\\\/logo\\\/image\\\/\",\"url\":\"https:\\\/\\\/vb-bachstein.de\\\/wolfsburg\\\/wp-content\\\/uploads\\\/sites\\\/14\\\/vb-bachstein_logo.svg\",\"contentUrl\":\"https:\\\/\\\/vb-bachstein.de\\\/wolfsburg\\\/wp-content\\\/uploads\\\/sites\\\/14\\\/vb-bachstein_logo.svg\",\"caption\":\"VB-Wolfsburg\"},\"image\":{\"@id\":\"https:\\\/\\\/vb-bachstein.de\\\/wolfsburg\\\/#\\\/schema\\\/logo\\\/image\\\/\"}}]}<\/script>\n<!-- \/ Yoast SEO plugin. -->","yoast_head_json":{"title":"Fundsachen - VB-Wolfsburg","robots":{"index":"index","follow":"follow","max-snippet":"max-snippet:-1","max-image-preview":"max-image-preview:large","max-video-preview":"max-video-preview:-1"},"canonical":"https:\/\/vb-bachstein.de\/wolfsburg\/service\/fundsachen\/","og_locale":"de_DE","og_type":"article","og_title":"Fundsachen - VB-Wolfsburg","og_description":"DEIN ONLINE-FUNDB\u00dcRO Fundsachen online suchen + einfach abholen! Du hast etwas in einem unserer Busse verloren? Mit unserem Online-Fundb\u00fcro kannst du jederzeit pr\u00fcfen, ob dein Gegenstand bei uns als Fundsache eingegangen ist. Hinweis: Online-Fundb\u00fcro im Wartungsmodus Unser Online-Fundb\u00fcro ist derzeit aufgrund von Wartungsarbeiten vor\u00fcbergehend nicht verf\u00fcgbar.Wir arbeiten mit Hochdruck daran, den Service so schnell wie m\u00f6glich wieder freizuschalten. W\u00e4hrend der Dauer der Wartungsarbeiten kannst du dich telefonisch nach deiner Fundsache erkundigen unter: 05363 989890 \u00a0Vielen Dank f\u00fcr dein Verst\u00e4ndnis","og_url":"https:\/\/vb-bachstein.de\/wolfsburg\/service\/fundsachen\/","og_site_name":"VB-Wolfsburg","article_modified_time":"2026-02-11T09:28:49+00:00","twitter_card":"summary_large_image","twitter_misc":{"Gesch\u00e4tzte Lesezeit":"1\u00a0Minute"},"schema":{"@context":"https:\/\/schema.org","@graph":[{"@type":"WebPage","@id":"https:\/\/vb-bachstein.de\/wolfsburg\/service\/fundsachen\/","url":"https:\/\/vb-bachstein.de\/wolfsburg\/service\/fundsachen\/","name":"Fundsachen - VB-Wolfsburg","isPartOf":{"@id":"https:\/\/vb-bachstein.de\/wolfsburg\/#website"},"primaryImageOfPage":{"@id":"https:\/\/vb-bachstein.de\/wolfsburg\/service\/fundsachen\/#primaryimage"},"image":{"@id":"https:\/\/vb-bachstein.de\/wolfsburg\/service\/fundsachen\/#primaryimage"},"thumbnailUrl":"https:\/\/vb-bachstein.de\/wolfsburg\/wp-content\/uploads\/sites\/14\/header-subsite_fundsachen.jpg","datePublished":"2026-01-30T08:56:32+00:00","dateModified":"2026-02-11T09:28:49+00:00","breadcrumb":{"@id":"https:\/\/vb-bachstein.de\/wolfsburg\/service\/fundsachen\/#breadcrumb"},"inLanguage":"de","potentialAction":[{"@type":"ReadAction","target":["https:\/\/vb-bachstein.de\/wolfsburg\/service\/fundsachen\/"]}]},{"@type":"ImageObject","inLanguage":"de","@id":"https:\/\/vb-bachstein.de\/wolfsburg\/service\/fundsachen\/#primaryimage","url":"https:\/\/vb-bachstein.de\/wolfsburg\/wp-content\/uploads\/sites\/14\/header-subsite_fundsachen.jpg","contentUrl":"https:\/\/vb-bachstein.de\/wolfsburg\/wp-content\/uploads\/sites\/14\/header-subsite_fundsachen.jpg"},{"@type":"BreadcrumbList","@id":"https:\/\/vb-bachstein.de\/wolfsburg\/service\/fundsachen\/#breadcrumb","itemListElement":[{"@type":"ListItem","position":1,"name":"Startseite","item":"https:\/\/vb-bachstein.de\/wolfsburg\/"},{"@type":"ListItem","position":2,"name":"Service","item":"https:\/\/vb-bachstein.de\/wolfsburg\/service\/"},{"@type":"ListItem","position":3,"name":"Fundsachen"}]},{"@type":"WebSite","@id":"https:\/\/vb-bachstein.de\/wolfsburg\/#website","url":"https:\/\/vb-bachstein.de\/wolfsburg\/","name":"VB-Wolfsburg","description":"","publisher":{"@id":"https:\/\/vb-bachstein.de\/wolfsburg\/#organization"},"potentialAction":[{"@type":"SearchAction","target":{"@type":"EntryPoint","urlTemplate":"https:\/\/vb-bachstein.de\/wolfsburg\/?s={search_term_string}"},"query-input":{"@type":"PropertyValueSpecification","valueRequired":true,"valueName":"search_term_string"}}],"inLanguage":"de"},{"@type":"Organization","@id":"https:\/\/vb-bachstein.de\/wolfsburg\/#organization","name":"VB-Wolfsburg","url":"https:\/\/vb-bachstein.de\/wolfsburg\/","logo":{"@type":"ImageObject","inLanguage":"de","@id":"https:\/\/vb-bachstein.de\/wolfsburg\/#\/schema\/logo\/image\/","url":"https:\/\/vb-bachstein.de\/wolfsburg\/wp-content\/uploads\/sites\/14\/vb-bachstein_logo.svg","contentUrl":"https:\/\/vb-bachstein.de\/wolfsburg\/wp-content\/uploads\/sites\/14\/vb-bachstein_logo.svg","caption":"VB-Wolfsburg"},"image":{"@id":"https:\/\/vb-bachstein.de\/wolfsburg\/#\/schema\/logo\/image\/"}}]}},"_links":{"self":[{"href":"https:\/\/vb-bachstein.de\/wolfsburg\/wp-json\/wp\/v2\/pages\/3458","targetHints":{"allow":["GET"]}}],"collection":[{"href":"https:\/\/vb-bachstein.de\/wolfsburg\/wp-json\/wp\/v2\/pages"}],"about":[{"href":"https:\/\/vb-bachstein.de\/wolfsburg\/wp-json\/wp\/v2\/types\/page"}],"author":[{"embeddable":true,"href":"https:\/\/vb-bachstein.de\/wolfsburg\/wp-json\/wp\/v2\/users\/4"}],"replies":[{"embeddable":true,"href":"https:\/\/vb-bachstein.de\/wolfsburg\/wp-json\/wp\/v2\/comments?post=3458"}],"version-history":[{"count":0,"href":"https:\/\/vb-bachstein.de\/wolfsburg\/wp-json\/wp\/v2\/pages\/3458\/revisions"}],"up":[{"embeddable":true,"href":"https:\/\/vb-bachstein.de\/wolfsburg\/wp-json\/wp\/v2\/pages\/16"}],"wp:featuredmedia":[{"embeddable":true,"href":"https:\/\/vb-bachstein.de\/wolfsburg\/wp-json\/"}],"wp:attachment":[{"href":"https:\/\/vb-bachstein.de\/wolfsburg\/wp-json\/wp\/v2\/media?parent=3458"}],"curies":[{"name":"wp","href":"https:\/\/api.w.org\/{rel}","templated":true}]}}