{"id":3253,"date":"2025-10-16T14:00:54","date_gmt":"2025-10-16T12:00:54","guid":{"rendered":"https:\/\/vb-bachstein.de\/wolfsburg\/?page_id=3253"},"modified":"2026-03-26T10:11:39","modified_gmt":"2026-03-26T09:11:39","slug":"prohlaseni-o-ochrane-osobnich-udaju","status":"publish","type":"page","link":"https:\/\/vb-bachstein.de\/wolfsburg\/cs\/datenschutzerklaerung\/","title":{"rendered":"Z\u00e1sady ochrany osobn\u00edch \u00fadaj\u016f"},"content":{"rendered":"<div data-elementor-type=\"wp-page\" data-elementor-id=\"3253\" class=\"elementor elementor-3253\" data-elementor-post-type=\"page\">\n\t\t\t\t<div class=\"elementor-element elementor-element-e05508d e-flex e-con-boxed wpr-particle-no wpr-jarallax-no wpr-parallax-no wpr-sticky-section-no wpr-equal-height-no e-con e-parent\" data-id=\"e05508d\" data-element_type=\"container\" data-e-type=\"container\">\n\t\t\t\t\t<div class=\"e-con-inner\">\n\t\t\t\t<div class=\"elementor-element elementor-element-7a3b3d6 elementor-widget elementor-widget-shortcode\" data-id=\"7a3b3d6\" data-element_type=\"widget\" data-e-type=\"widget\" data-widget_type=\"shortcode.default\">\n\t\t\t\t<div class=\"elementor-widget-container\">\n\t\t\t\t\t\t\t<div class=\"elementor-shortcode\"><style>.elementor-1935 .elementor-element.elementor-element-2aa451e{--display:flex;}<\/style>\t\t<div data-elementor-type=\"wp-page\" data-elementor-id=\"1935\" class=\"elementor elementor-1935\" data-elementor-post-type=\"page\">\n\t\t\t\t<div class=\"elementor-element elementor-element-2aa451e e-flex e-con-boxed wpr-particle-no wpr-jarallax-no wpr-parallax-no wpr-sticky-section-no wpr-equal-height-no e-con e-parent\" data-id=\"2aa451e\" data-element_type=\"container\" data-e-type=\"container\">\n\t\t\t\t\t<div class=\"e-con-inner\">\n\t\t\t\t<div class=\"elementor-element elementor-element-e592adc elementor-widget elementor-widget-html\" data-id=\"e592adc\" data-element_type=\"widget\" data-e-type=\"widget\" data-widget_type=\"html.default\">\n\t\t\t\t<div class=\"elementor-widget-container\">\n\t\t\t\t\t<div\ndata-alfidcl-type=\"dps\"\ndata-alfidcl-tenant=\"hanseatic_scan\"\ndata-alfidcl-lang=\"de-de\"\ndata-alfidcl-key=\"5f56b0378102493da7c1926bff5c95ce\"\n><\/div>\t\t\t\t<\/div>\n\t\t\t\t<\/div>\n\t\t\t\t\t<\/div>\n\t\t\t\t<\/div>\n\t\t\t\t<\/div>\n\t\t<\/div>\n\t\t\t\t\t\t<\/div>\n\t\t\t\t<\/div>\n\t\t\t\t\t<\/div>\n\t\t\t\t<\/div>\n\t\t\t\t<\/div>","protected":false},"excerpt":{"rendered":"","protected":false},"author":4,"featured_media":4083,"parent":0,"menu_order":41,"comment_status":"closed","ping_status":"closed","template":"","meta":{"footnotes":""},"class_list":["post-3253","page","type-page","status-publish","has-post-thumbnail","hentry"],"yoast_head":"<!-- This site is optimized with the Yoast SEO plugin v27.4 - https:\/\/yoast.com\/product\/yoast-seo-wordpress\/ -->\n<title>Datenschutzerkl\u00e4rung - VB-Wolfsburg<\/title>\n<meta name=\"robots\" content=\"index, follow, max-snippet:-1, max-image-preview:large, max-video-preview:-1\" \/>\n<link rel=\"canonical\" href=\"https:\/\/vb-bachstein.de\/wolfsburg\/prohlaseni-o-ochrane-osobnich-udaju\/\" \/>\n<meta property=\"og:locale\" content=\"cs_CZ\" \/>\n<meta property=\"og:type\" content=\"article\" \/>\n<meta property=\"og:title\" content=\"Datenschutzerkl\u00e4rung - VB-Wolfsburg\" \/>\n<meta property=\"og:url\" content=\"https:\/\/vb-bachstein.de\/wolfsburg\/prohlaseni-o-ochrane-osobnich-udaju\/\" \/>\n<meta property=\"og:site_name\" content=\"VB-Wolfsburg\" \/>\n<meta property=\"article:modified_time\" content=\"2026-03-26T09:11:39+00:00\" \/>\n<meta name=\"twitter:card\" content=\"summary_large_image\" \/>\n<script type=\"application\/ld+json\" class=\"yoast-schema-graph\">{\"@context\":\"https:\\\/\\\/schema.org\",\"@graph\":[{\"@type\":\"WebPage\",\"@id\":\"https:\\\/\\\/vb-bachstein.de\\\/wolfsburg\\\/datenschutzerklaerung\\\/\",\"url\":\"https:\\\/\\\/vb-bachstein.de\\\/wolfsburg\\\/datenschutzerklaerung\\\/\",\"name\":\"Datenschutzerkl\u00e4rung - VB-Wolfsburg\",\"isPartOf\":{\"@id\":\"https:\\\/\\\/vb-bachstein.de\\\/wolfsburg\\\/#website\"},\"primaryImageOfPage\":{\"@id\":\"https:\\\/\\\/vb-bachstein.de\\\/wolfsburg\\\/datenschutzerklaerung\\\/#primaryimage\"},\"image\":{\"@id\":\"https:\\\/\\\/vb-bachstein.de\\\/wolfsburg\\\/datenschutzerklaerung\\\/#primaryimage\"},\"thumbnailUrl\":\"https:\\\/\\\/vb-bachstein.de\\\/wolfsburg\\\/wp-content\\\/uploads\\\/sites\\\/14\\\/header-subsites_vb-2.jpg\",\"datePublished\":\"2025-10-16T12:00:54+00:00\",\"dateModified\":\"2026-03-26T09:11:39+00:00\",\"breadcrumb\":{\"@id\":\"https:\\\/\\\/vb-bachstein.de\\\/wolfsburg\\\/datenschutzerklaerung\\\/#breadcrumb\"},\"inLanguage\":\"cs\",\"potentialAction\":[{\"@type\":\"ReadAction\",\"target\":[\"https:\\\/\\\/vb-bachstein.de\\\/wolfsburg\\\/datenschutzerklaerung\\\/\"]}]},{\"@type\":\"ImageObject\",\"inLanguage\":\"cs\",\"@id\":\"https:\\\/\\\/vb-bachstein.de\\\/wolfsburg\\\/datenschutzerklaerung\\\/#primaryimage\",\"url\":\"https:\\\/\\\/vb-bachstein.de\\\/wolfsburg\\\/wp-content\\\/uploads\\\/sites\\\/14\\\/header-subsites_vb-2.jpg\",\"contentUrl\":\"https:\\\/\\\/vb-bachstein.de\\\/wolfsburg\\\/wp-content\\\/uploads\\\/sites\\\/14\\\/header-subsites_vb-2.jpg\"},{\"@type\":\"BreadcrumbList\",\"@id\":\"https:\\\/\\\/vb-bachstein.de\\\/wolfsburg\\\/datenschutzerklaerung\\\/#breadcrumb\",\"itemListElement\":[{\"@type\":\"ListItem\",\"position\":1,\"name\":\"Startseite\",\"item\":\"https:\\\/\\\/vb-bachstein.de\\\/wolfsburg\\\/\"},{\"@type\":\"ListItem\",\"position\":2,\"name\":\"Datenschutzerkl\u00e4rung\"}]},{\"@type\":\"WebSite\",\"@id\":\"https:\\\/\\\/vb-bachstein.de\\\/wolfsburg\\\/#website\",\"url\":\"https:\\\/\\\/vb-bachstein.de\\\/wolfsburg\\\/\",\"name\":\"VB-Wolfsburg\",\"description\":\"\",\"publisher\":{\"@id\":\"https:\\\/\\\/vb-bachstein.de\\\/wolfsburg\\\/#organization\"},\"potentialAction\":[{\"@type\":\"SearchAction\",\"target\":{\"@type\":\"EntryPoint\",\"urlTemplate\":\"https:\\\/\\\/vb-bachstein.de\\\/wolfsburg\\\/?s={search_term_string}\"},\"query-input\":{\"@type\":\"PropertyValueSpecification\",\"valueRequired\":true,\"valueName\":\"search_term_string\"}}],\"inLanguage\":\"cs\"},{\"@type\":\"Organization\",\"@id\":\"https:\\\/\\\/vb-bachstein.de\\\/wolfsburg\\\/#organization\",\"name\":\"VB-Wolfsburg\",\"url\":\"https:\\\/\\\/vb-bachstein.de\\\/wolfsburg\\\/\",\"logo\":{\"@type\":\"ImageObject\",\"inLanguage\":\"cs\",\"@id\":\"https:\\\/\\\/vb-bachstein.de\\\/wolfsburg\\\/#\\\/schema\\\/logo\\\/image\\\/\",\"url\":\"https:\\\/\\\/vb-bachstein.de\\\/wolfsburg\\\/wp-content\\\/uploads\\\/sites\\\/14\\\/vb-bachstein_logo.svg\",\"contentUrl\":\"https:\\\/\\\/vb-bachstein.de\\\/wolfsburg\\\/wp-content\\\/uploads\\\/sites\\\/14\\\/vb-bachstein_logo.svg\",\"caption\":\"VB-Wolfsburg\"},\"image\":{\"@id\":\"https:\\\/\\\/vb-bachstein.de\\\/wolfsburg\\\/#\\\/schema\\\/logo\\\/image\\\/\"}}]}<\/script>\n<!-- \/ Yoast SEO plugin. -->","yoast_head_json":{"title":"Z\u00e1sady ochrany osobn\u00edch \u00fadaj\u016f - VB-Wolfsburg","robots":{"index":"index","follow":"follow","max-snippet":"max-snippet:-1","max-image-preview":"max-image-preview:large","max-video-preview":"max-video-preview:-1"},"canonical":"https:\/\/vb-bachstein.de\/wolfsburg\/prohlaseni-o-ochrane-osobnich-udaju\/","og_locale":"cs_CZ","og_type":"article","og_title":"Datenschutzerkl\u00e4rung - VB-Wolfsburg","og_url":"https:\/\/vb-bachstein.de\/wolfsburg\/prohlaseni-o-ochrane-osobnich-udaju\/","og_site_name":"VB-Wolfsburg","article_modified_time":"2026-03-26T09:11:39+00:00","twitter_card":"summary_large_image","schema":{"@context":"https:\/\/schema.org","@graph":[{"@type":"WebPage","@id":"https:\/\/vb-bachstein.de\/wolfsburg\/datenschutzerklaerung\/","url":"https:\/\/vb-bachstein.de\/wolfsburg\/datenschutzerklaerung\/","name":"Z\u00e1sady ochrany osobn\u00edch \u00fadaj\u016f - VB-Wolfsburg","isPartOf":{"@id":"https:\/\/vb-bachstein.de\/wolfsburg\/#website"},"primaryImageOfPage":{"@id":"https:\/\/vb-bachstein.de\/wolfsburg\/datenschutzerklaerung\/#primaryimage"},"image":{"@id":"https:\/\/vb-bachstein.de\/wolfsburg\/datenschutzerklaerung\/#primaryimage"},"thumbnailUrl":"https:\/\/vb-bachstein.de\/wolfsburg\/wp-content\/uploads\/sites\/14\/header-subsites_vb-2.jpg","datePublished":"2025-10-16T12:00:54+00:00","dateModified":"2026-03-26T09:11:39+00:00","breadcrumb":{"@id":"https:\/\/vb-bachstein.de\/wolfsburg\/datenschutzerklaerung\/#breadcrumb"},"inLanguage":"cs","potentialAction":[{"@type":"ReadAction","target":["https:\/\/vb-bachstein.de\/wolfsburg\/datenschutzerklaerung\/"]}]},{"@type":"ImageObject","inLanguage":"cs","@id":"https:\/\/vb-bachstein.de\/wolfsburg\/datenschutzerklaerung\/#primaryimage","url":"https:\/\/vb-bachstein.de\/wolfsburg\/wp-content\/uploads\/sites\/14\/header-subsites_vb-2.jpg","contentUrl":"https:\/\/vb-bachstein.de\/wolfsburg\/wp-content\/uploads\/sites\/14\/header-subsites_vb-2.jpg"},{"@type":"BreadcrumbList","@id":"https:\/\/vb-bachstein.de\/wolfsburg\/datenschutzerklaerung\/#breadcrumb","itemListElement":[{"@type":"ListItem","position":1,"name":"Startseite","item":"https:\/\/vb-bachstein.de\/wolfsburg\/"},{"@type":"ListItem","position":2,"name":"Datenschutzerkl\u00e4rung"}]},{"@type":"WebSite","@id":"https:\/\/vb-bachstein.de\/wolfsburg\/#website","url":"https:\/\/vb-bachstein.de\/wolfsburg\/","name":"VB-Wolfsburg","description":"","publisher":{"@id":"https:\/\/vb-bachstein.de\/wolfsburg\/#organization"},"potentialAction":[{"@type":"SearchAction","target":{"@type":"EntryPoint","urlTemplate":"https:\/\/vb-bachstein.de\/wolfsburg\/?s={search_term_string}"},"query-input":{"@type":"PropertyValueSpecification","valueRequired":true,"valueName":"search_term_string"}}],"inLanguage":"cs"},{"@type":"Organization","@id":"https:\/\/vb-bachstein.de\/wolfsburg\/#organization","name":"VB-Wolfsburg","url":"https:\/\/vb-bachstein.de\/wolfsburg\/","logo":{"@type":"ImageObject","inLanguage":"cs","@id":"https:\/\/vb-bachstein.de\/wolfsburg\/#\/schema\/logo\/image\/","url":"https:\/\/vb-bachstein.de\/wolfsburg\/wp-content\/uploads\/sites\/14\/vb-bachstein_logo.svg","contentUrl":"https:\/\/vb-bachstein.de\/wolfsburg\/wp-content\/uploads\/sites\/14\/vb-bachstein_logo.svg","caption":"VB-Wolfsburg"},"image":{"@id":"https:\/\/vb-bachstein.de\/wolfsburg\/#\/schema\/logo\/image\/"}}]}},"_links":{"self":[{"href":"https:\/\/vb-bachstein.de\/wolfsburg\/cs\/wp-json\/wp\/v2\/pages\/3253","targetHints":{"allow":["GET"]}}],"collection":[{"href":"https:\/\/vb-bachstein.de\/wolfsburg\/cs\/wp-json\/wp\/v2\/pages"}],"about":[{"href":"https:\/\/vb-bachstein.de\/wolfsburg\/cs\/wp-json\/wp\/v2\/types\/page"}],"author":[{"embeddable":true,"href":"https:\/\/vb-bachstein.de\/wolfsburg\/cs\/wp-json\/wp\/v2\/users\/4"}],"replies":[{"embeddable":true,"href":"https:\/\/vb-bachstein.de\/wolfsburg\/cs\/wp-json\/wp\/v2\/comments?post=3253"}],"version-history":[{"count":0,"href":"https:\/\/vb-bachstein.de\/wolfsburg\/cs\/wp-json\/wp\/v2\/pages\/3253\/revisions"}],"wp:featuredmedia":[{"embeddable":true,"href":"https:\/\/vb-bachstein.de\/wolfsburg\/cs\/wp-json\/"}],"wp:attachment":[{"href":"https:\/\/vb-bachstein.de\/wolfsburg\/cs\/wp-json\/wp\/v2\/media?parent=3253"}],"curies":[{"name":"wp","href":"https:\/\/api.w.org\/{rel}","templated":true}]}}