{"id":1010,"date":"2024-02-26T13:07:52","date_gmt":"2024-02-26T12:07:52","guid":{"rendered":"https:\/\/vb-bachstein.de\/wolfsburg\/?page_id=1010"},"modified":"2026-01-06T14:20:21","modified_gmt":"2026-01-06T13:20:21","slug":"kontakt","status":"publish","type":"page","link":"https:\/\/vb-bachstein.de\/wolfsburg\/cs\/kontakt\/","title":{"rendered":"Kontaktujte n\u00e1s"},"content":{"rendered":"<div data-elementor-type=\"wp-page\" data-elementor-id=\"1010\" class=\"elementor elementor-1010\" data-elementor-post-type=\"page\">\n\t\t\t\t\t\t<section class=\"elementor-section elementor-top-section elementor-element elementor-element-acace89 margin-left-0 elementor-section-boxed elementor-section-height-default elementor-section-height-default wpr-particle-no wpr-jarallax-no wpr-parallax-no wpr-sticky-section-no wpr-equal-height-no\" data-id=\"acace89\" data-element_type=\"section\" data-e-type=\"section\">\n\t\t\t\t\t\t<div class=\"elementor-container elementor-column-gap-default\">\n\t\t\t\t\t<div class=\"elementor-column elementor-col-50 elementor-top-column elementor-element elementor-element-6aa6dcc\" data-id=\"6aa6dcc\" data-element_type=\"column\" data-e-type=\"column\">\n\t\t\t<div class=\"elementor-widget-wrap elementor-element-populated\">\n\t\t\t\t\t\t<div class=\"elementor-element elementor-element-0aa4ecf elementor-widget elementor-widget-heading\" data-id=\"0aa4ecf\" data-element_type=\"widget\" data-e-type=\"widget\" data-widget_type=\"heading.default\">\n\t\t\t\t<div class=\"elementor-widget-container\">\n\t\t\t\t\t<h2 class=\"elementor-heading-title elementor-size-default\">V\u00c1\u0160 KONTAKT NA N\u00c1S!<\/h2>\t\t\t\t<\/div>\n\t\t\t\t<\/div>\n\t\t\t\t<div class=\"elementor-element elementor-element-3d6fb17 elementor-widget elementor-widget-text-editor\" data-id=\"3d6fb17\" data-element_type=\"widget\" data-e-type=\"widget\" data-widget_type=\"text-editor.default\">\n\t\t\t\t<div class=\"elementor-widget-container\">\n\t\t\t\t\t\t\t\t\t<p>A\u0165 u\u017e m\u00e1te n\u00e1vrhy nebo pochvaly - va\u0161e zp\u011btn\u00e1 vazba n\u00e1m pom\u00e1h\u00e1 zlep\u0161ovat na\u0161e autobusov\u00e9 slu\u017eby. M\u016f\u017eete n\u00e1s kontaktovat telefonicky nebo e-mailem. N\u00e1\u0161 kontaktn\u00ed formul\u00e1\u0159 v\u00e1m je\u0161t\u011b v\u00edce usnadn\u00ed sd\u011blit n\u00e1m sv\u00e9 obavy snadno a rychle.<\/p>\t\t\t\t\t\t\t\t<\/div>\n\t\t\t\t<\/div>\n\t\t\t\t\t<\/div>\n\t\t<\/div>\n\t\t\t\t<div class=\"elementor-column elementor-col-50 elementor-top-column elementor-element elementor-element-b4bc8af\" data-id=\"b4bc8af\" data-element_type=\"column\" data-e-type=\"column\">\n\t\t\t<div class=\"elementor-widget-wrap\">\n\t\t\t\t\t\t\t<\/div>\n\t\t<\/div>\n\t\t\t\t\t<\/div>\n\t\t<\/section>\n\t\t<div class=\"elementor-element elementor-element-fcaf798 e-flex e-con-boxed wpr-particle-no wpr-jarallax-no wpr-parallax-no wpr-sticky-section-no wpr-equal-height-no e-con e-parent\" data-id=\"fcaf798\" data-element_type=\"container\" data-e-type=\"container\">\n\t\t\t\t\t<div class=\"e-con-inner\">\n\t\t<div class=\"elementor-element elementor-element-a1ce100 e-con-full e-flex wpr-particle-no wpr-jarallax-no wpr-parallax-no wpr-sticky-section-no wpr-equal-height-no e-con e-child\" data-id=\"a1ce100\" data-element_type=\"container\" data-e-type=\"container\">\n\t\t\t\t<div class=\"elementor-element elementor-element-57caae2 elementor-widget elementor-widget-button\" data-id=\"57caae2\" data-element_type=\"widget\" data-e-type=\"widget\" data-widget_type=\"button.default\">\n\t\t\t\t<div class=\"elementor-widget-container\">\n\t\t\t\t\t\t\t\t\t<div class=\"elementor-button-wrapper\">\n\t\t\t\t\t<a class=\"elementor-button elementor-button-link elementor-size-sm\" href=\"https:\/\/link.kvg-bus.de\/destination.php?wohin=d3kontaktvb\" target=\"_blank\">\n\t\t\t\t\t\t<span class=\"elementor-button-content-wrapper\">\n\t\t\t\t\t\t<span class=\"elementor-button-icon\">\n\t\t\t\t<i aria-hidden=\"true\" class=\"fas fa-arrow-alt-circle-right\"><\/i>\t\t\t<\/span>\n\t\t\t\t\t\t\t\t\t<span class=\"elementor-button-text\">DO KONTAKTN\u00cdHO FORMUL\u00c1\u0158E<\/span>\n\t\t\t\t\t<\/span>\n\t\t\t\t\t<\/a>\n\t\t\t\t<\/div>\n\t\t\t\t\t\t\t\t<\/div>\n\t\t\t\t<\/div>\n\t\t\t\t<div class=\"elementor-element elementor-element-bb19f0d elementor-widget elementor-widget-spacer\" data-id=\"bb19f0d\" data-element_type=\"widget\" data-e-type=\"widget\" data-widget_type=\"spacer.default\">\n\t\t\t\t<div class=\"elementor-widget-container\">\n\t\t\t\t\t\t\t<div class=\"elementor-spacer\">\n\t\t\t<div class=\"elementor-spacer-inner\"><\/div>\n\t\t<\/div>\n\t\t\t\t\t\t<\/div>\n\t\t\t\t<\/div>\n\t\t\t\t<div class=\"elementor-element elementor-element-578a2aa elementor-widget elementor-widget-heading\" data-id=\"578a2aa\" data-element_type=\"widget\" data-e-type=\"widget\" data-widget_type=\"heading.default\">\n\t\t\t\t<div class=\"elementor-widget-container\">\n\t\t\t\t\t<h4 class=\"elementor-heading-title elementor-size-default\">Jak n\u00e1s m\u016f\u017eete kontaktovat<\/h4>\t\t\t\t<\/div>\n\t\t\t\t<\/div>\n\t\t\t\t<div class=\"elementor-element elementor-element-0e60633 elementor-align-start elementor-list-item-link-inline elementor-mobile-align-start elementor-icon-list--layout-traditional elementor-widget elementor-widget-icon-list\" data-id=\"0e60633\" data-element_type=\"widget\" data-e-type=\"widget\" data-widget_type=\"icon-list.default\">\n\t\t\t\t<div class=\"elementor-widget-container\">\n\t\t\t\t\t\t\t<ul class=\"elementor-icon-list-items\">\n\t\t\t\t\t\t\t<li class=\"elementor-icon-list-item\">\n\t\t\t\t\t\t\t\t\t\t\t<a href=\"https:\/\/link.kvg-bus.de\/destination.php?wohin=d3kontaktvb\" target=\"_blank\">\n\n\t\t\t\t\t\t\t\t\t\t\t\t<span class=\"elementor-icon-list-icon\">\n\t\t\t\t\t\t\t<i aria-hidden=\"true\" class=\"fas fa-comment-alt-smile\"><\/i>\t\t\t\t\t\t<\/span>\n\t\t\t\t\t\t\t\t\t\t<span class=\"elementor-icon-list-text\">Kontaktn\u00ed formul\u00e1\u0159<\/span>\n\t\t\t\t\t\t\t\t\t\t\t<\/a>\n\t\t\t\t\t\t\t\t\t<\/li>\n\t\t\t\t\t\t\t\t<li class=\"elementor-icon-list-item\">\n\t\t\t\t\t\t\t\t\t\t\t<a href=\"mailto:wolfsburg@vb-bachstein.de\">\n\n\t\t\t\t\t\t\t\t\t\t\t\t<span class=\"elementor-icon-list-icon\">\n\t\t\t\t\t\t\t<i aria-hidden=\"true\" class=\"fas fa-paper-plane\"><\/i>\t\t\t\t\t\t<\/span>\n\t\t\t\t\t\t\t\t\t\t<span class=\"elementor-icon-list-text\">wolfsburg@vb-bachstein.de<\/span>\n\t\t\t\t\t\t\t\t\t\t\t<\/a>\n\t\t\t\t\t\t\t\t\t<\/li>\n\t\t\t\t\t\t\t\t<li class=\"elementor-icon-list-item\">\n\t\t\t\t\t\t\t\t\t\t\t<a href=\"tel:05363989890\">\n\n\t\t\t\t\t\t\t\t\t\t\t\t<span class=\"elementor-icon-list-icon\">\n\t\t\t\t\t\t\t<i aria-hidden=\"true\" class=\"fas fa-phone-alt\"><\/i>\t\t\t\t\t\t<\/span>\n\t\t\t\t\t\t\t\t\t\t<span class=\"elementor-icon-list-text\">05363 98989-0<\/span>\n\t\t\t\t\t\t\t\t\t\t\t<\/a>\n\t\t\t\t\t\t\t\t\t<\/li>\n\t\t\t\t\t\t\t\t<li class=\"elementor-icon-list-item\">\n\t\t\t\t\t\t\t\t\t\t\t<span class=\"elementor-icon-list-icon\">\n\t\t\t\t\t\t\t<i aria-hidden=\"true\" class=\"fas fa-clock\"><\/i>\t\t\t\t\t\t<\/span>\n\t\t\t\t\t\t\t\t\t\t<span class=\"elementor-icon-list-text\">Po - \u010ct 7:00 - 17:00 | P\u00e1 7:00 - 15:00 hod.<\/span>\n\t\t\t\t\t\t\t\t\t<\/li>\n\t\t\t\t\t\t<\/ul>\n\t\t\t\t\t\t<\/div>\n\t\t\t\t<\/div>\n\t\t\t\t<div class=\"elementor-element elementor-element-68b46ef elementor-widget elementor-widget-spacer\" data-id=\"68b46ef\" data-element_type=\"widget\" data-e-type=\"widget\" data-widget_type=\"spacer.default\">\n\t\t\t\t<div class=\"elementor-widget-container\">\n\t\t\t\t\t\t\t<div class=\"elementor-spacer\">\n\t\t\t<div class=\"elementor-spacer-inner\"><\/div>\n\t\t<\/div>\n\t\t\t\t\t\t<\/div>\n\t\t\t\t<\/div>\n\t\t\t\t<\/div>\n\t\t\t\t\t<\/div>\n\t\t\t\t<\/div>\n\t\t\t\t<\/div>","protected":false},"excerpt":{"rendered":"<p>DEIN KONTAKT ZU UNS! Egal ob Anregung oder Lob &#8211; dein Feedback hilft uns den Busverkehr zu verbessern. Du kannst uns telefonisch oder per E-Mail erreichen.\u00a0Noch leichter macht es dir unser Kontaktformular, mit dem du uns schnell und unkompliziert dein Anliegen schildern kannst. ZUM KONTAKTFORMULAR So kannst du uns erreichen Kontaktformular wolfsburg@vb-bachstein.de 05363 98989-0 mo &#8211; do 7 &#8211; 17 Uhr | fr 7 &#8211; 15 Uhr<\/p>","protected":false},"author":4,"featured_media":1567,"parent":0,"menu_order":39,"comment_status":"closed","ping_status":"closed","template":"","meta":{"footnotes":""},"class_list":["post-1010","page","type-page","status-publish","has-post-thumbnail","hentry"],"yoast_head":"<!-- This site is optimized with the Yoast SEO plugin v27.4 - https:\/\/yoast.com\/product\/yoast-seo-wordpress\/ -->\n<title>Kontakt - VB-Wolfsburg<\/title>\n<meta name=\"robots\" content=\"index, follow, max-snippet:-1, max-image-preview:large, max-video-preview:-1\" \/>\n<link rel=\"canonical\" href=\"https:\/\/vb-bachstein.de\/wolfsburg\/kontakt\/\" \/>\n<meta property=\"og:locale\" content=\"cs_CZ\" \/>\n<meta property=\"og:type\" content=\"article\" \/>\n<meta property=\"og:title\" content=\"Kontakt - VB-Wolfsburg\" \/>\n<meta property=\"og:description\" content=\"DEIN KONTAKT ZU UNS! Egal ob Anregung oder Lob &#8211; dein Feedback hilft uns den Busverkehr zu verbessern. Du kannst uns telefonisch oder per E-Mail erreichen.\u00a0Noch leichter macht es dir unser Kontaktformular, mit dem du uns schnell und unkompliziert dein Anliegen schildern kannst. ZUM KONTAKTFORMULAR So kannst du uns erreichen Kontaktformular wolfsburg@vb-bachstein.de 05363 98989-0 mo &#8211; do 7 &#8211; 17 Uhr | fr 7 &#8211; 15 Uhr\" \/>\n<meta property=\"og:url\" content=\"https:\/\/vb-bachstein.de\/wolfsburg\/kontakt\/\" \/>\n<meta property=\"og:site_name\" content=\"VB-Wolfsburg\" \/>\n<meta property=\"article:modified_time\" content=\"2026-01-06T13:20:21+00:00\" \/>\n<meta property=\"og:image\" content=\"https:\/\/vb-bachstein.de\/wolfsburg\/wp-content\/uploads\/sites\/14\/header_fuer_den_fahrgast.png\" \/>\n\t<meta property=\"og:image:width\" content=\"1920\" \/>\n\t<meta property=\"og:image:height\" content=\"600\" \/>\n\t<meta property=\"og:image:type\" content=\"image\/png\" \/>\n<meta name=\"twitter:card\" content=\"summary_large_image\" \/>\n<meta name=\"twitter:label1\" content=\"Odhadovan\u00e1 doba \u010dten\u00ed\" \/>\n\t<meta name=\"twitter:data1\" content=\"1 minuta\" \/>\n<script type=\"application\/ld+json\" class=\"yoast-schema-graph\">{\"@context\":\"https:\\\/\\\/schema.org\",\"@graph\":[{\"@type\":\"WebPage\",\"@id\":\"https:\\\/\\\/vb-bachstein.de\\\/wolfsburg\\\/kontakt\\\/\",\"url\":\"https:\\\/\\\/vb-bachstein.de\\\/wolfsburg\\\/kontakt\\\/\",\"name\":\"Kontakt - VB-Wolfsburg\",\"isPartOf\":{\"@id\":\"https:\\\/\\\/vb-bachstein.de\\\/wolfsburg\\\/#website\"},\"primaryImageOfPage\":{\"@id\":\"https:\\\/\\\/vb-bachstein.de\\\/wolfsburg\\\/kontakt\\\/#primaryimage\"},\"image\":{\"@id\":\"https:\\\/\\\/vb-bachstein.de\\\/wolfsburg\\\/kontakt\\\/#primaryimage\"},\"thumbnailUrl\":\"https:\\\/\\\/vb-bachstein.de\\\/wolfsburg\\\/wp-content\\\/uploads\\\/sites\\\/14\\\/header_fuer_den_fahrgast.png\",\"datePublished\":\"2024-02-26T12:07:52+00:00\",\"dateModified\":\"2026-01-06T13:20:21+00:00\",\"breadcrumb\":{\"@id\":\"https:\\\/\\\/vb-bachstein.de\\\/wolfsburg\\\/kontakt\\\/#breadcrumb\"},\"inLanguage\":\"cs\",\"potentialAction\":[{\"@type\":\"ReadAction\",\"target\":[\"https:\\\/\\\/vb-bachstein.de\\\/wolfsburg\\\/kontakt\\\/\"]}]},{\"@type\":\"ImageObject\",\"inLanguage\":\"cs\",\"@id\":\"https:\\\/\\\/vb-bachstein.de\\\/wolfsburg\\\/kontakt\\\/#primaryimage\",\"url\":\"https:\\\/\\\/vb-bachstein.de\\\/wolfsburg\\\/wp-content\\\/uploads\\\/sites\\\/14\\\/header_fuer_den_fahrgast.png\",\"contentUrl\":\"https:\\\/\\\/vb-bachstein.de\\\/wolfsburg\\\/wp-content\\\/uploads\\\/sites\\\/14\\\/header_fuer_den_fahrgast.png\",\"width\":1920,\"height\":600},{\"@type\":\"BreadcrumbList\",\"@id\":\"https:\\\/\\\/vb-bachstein.de\\\/wolfsburg\\\/kontakt\\\/#breadcrumb\",\"itemListElement\":[{\"@type\":\"ListItem\",\"position\":1,\"name\":\"Startseite\",\"item\":\"https:\\\/\\\/vb-bachstein.de\\\/wolfsburg\\\/\"},{\"@type\":\"ListItem\",\"position\":2,\"name\":\"Kontakt\"}]},{\"@type\":\"WebSite\",\"@id\":\"https:\\\/\\\/vb-bachstein.de\\\/wolfsburg\\\/#website\",\"url\":\"https:\\\/\\\/vb-bachstein.de\\\/wolfsburg\\\/\",\"name\":\"VB-Wolfsburg\",\"description\":\"\",\"publisher\":{\"@id\":\"https:\\\/\\\/vb-bachstein.de\\\/wolfsburg\\\/#organization\"},\"potentialAction\":[{\"@type\":\"SearchAction\",\"target\":{\"@type\":\"EntryPoint\",\"urlTemplate\":\"https:\\\/\\\/vb-bachstein.de\\\/wolfsburg\\\/?s={search_term_string}\"},\"query-input\":{\"@type\":\"PropertyValueSpecification\",\"valueRequired\":true,\"valueName\":\"search_term_string\"}}],\"inLanguage\":\"cs\"},{\"@type\":\"Organization\",\"@id\":\"https:\\\/\\\/vb-bachstein.de\\\/wolfsburg\\\/#organization\",\"name\":\"VB-Wolfsburg\",\"url\":\"https:\\\/\\\/vb-bachstein.de\\\/wolfsburg\\\/\",\"logo\":{\"@type\":\"ImageObject\",\"inLanguage\":\"cs\",\"@id\":\"https:\\\/\\\/vb-bachstein.de\\\/wolfsburg\\\/#\\\/schema\\\/logo\\\/image\\\/\",\"url\":\"https:\\\/\\\/vb-bachstein.de\\\/wolfsburg\\\/wp-content\\\/uploads\\\/sites\\\/14\\\/vb-bachstein_logo.svg\",\"contentUrl\":\"https:\\\/\\\/vb-bachstein.de\\\/wolfsburg\\\/wp-content\\\/uploads\\\/sites\\\/14\\\/vb-bachstein_logo.svg\",\"caption\":\"VB-Wolfsburg\"},\"image\":{\"@id\":\"https:\\\/\\\/vb-bachstein.de\\\/wolfsburg\\\/#\\\/schema\\\/logo\\\/image\\\/\"}}]}<\/script>\n<!-- \/ Yoast SEO plugin. -->","yoast_head_json":{"title":"Kontakt - VB-Wolfsburg","robots":{"index":"index","follow":"follow","max-snippet":"max-snippet:-1","max-image-preview":"max-image-preview:large","max-video-preview":"max-video-preview:-1"},"canonical":"https:\/\/vb-bachstein.de\/wolfsburg\/kontakt\/","og_locale":"cs_CZ","og_type":"article","og_title":"Kontakt - VB-Wolfsburg","og_description":"DEIN KONTAKT ZU UNS! Egal ob Anregung oder Lob &#8211; dein Feedback hilft uns den Busverkehr zu verbessern. Du kannst uns telefonisch oder per E-Mail erreichen.\u00a0Noch leichter macht es dir unser Kontaktformular, mit dem du uns schnell und unkompliziert dein Anliegen schildern kannst. ZUM KONTAKTFORMULAR So kannst du uns erreichen Kontaktformular wolfsburg@vb-bachstein.de 05363 98989-0 mo &#8211; do 7 &#8211; 17 Uhr | fr 7 &#8211; 15 Uhr","og_url":"https:\/\/vb-bachstein.de\/wolfsburg\/kontakt\/","og_site_name":"VB-Wolfsburg","article_modified_time":"2026-01-06T13:20:21+00:00","og_image":[{"width":1920,"height":600,"url":"https:\/\/vb-bachstein.de\/wolfsburg\/wp-content\/uploads\/sites\/14\/header_fuer_den_fahrgast.png","type":"image\/png"}],"twitter_card":"summary_large_image","twitter_misc":{"Odhadovan\u00e1 doba \u010dten\u00ed":"1 minuta"},"schema":{"@context":"https:\/\/schema.org","@graph":[{"@type":"WebPage","@id":"https:\/\/vb-bachstein.de\/wolfsburg\/kontakt\/","url":"https:\/\/vb-bachstein.de\/wolfsburg\/kontakt\/","name":"Kontakt - VB-Wolfsburg","isPartOf":{"@id":"https:\/\/vb-bachstein.de\/wolfsburg\/#website"},"primaryImageOfPage":{"@id":"https:\/\/vb-bachstein.de\/wolfsburg\/kontakt\/#primaryimage"},"image":{"@id":"https:\/\/vb-bachstein.de\/wolfsburg\/kontakt\/#primaryimage"},"thumbnailUrl":"https:\/\/vb-bachstein.de\/wolfsburg\/wp-content\/uploads\/sites\/14\/header_fuer_den_fahrgast.png","datePublished":"2024-02-26T12:07:52+00:00","dateModified":"2026-01-06T13:20:21+00:00","breadcrumb":{"@id":"https:\/\/vb-bachstein.de\/wolfsburg\/kontakt\/#breadcrumb"},"inLanguage":"cs","potentialAction":[{"@type":"ReadAction","target":["https:\/\/vb-bachstein.de\/wolfsburg\/kontakt\/"]}]},{"@type":"ImageObject","inLanguage":"cs","@id":"https:\/\/vb-bachstein.de\/wolfsburg\/kontakt\/#primaryimage","url":"https:\/\/vb-bachstein.de\/wolfsburg\/wp-content\/uploads\/sites\/14\/header_fuer_den_fahrgast.png","contentUrl":"https:\/\/vb-bachstein.de\/wolfsburg\/wp-content\/uploads\/sites\/14\/header_fuer_den_fahrgast.png","width":1920,"height":600},{"@type":"BreadcrumbList","@id":"https:\/\/vb-bachstein.de\/wolfsburg\/kontakt\/#breadcrumb","itemListElement":[{"@type":"ListItem","position":1,"name":"Startseite","item":"https:\/\/vb-bachstein.de\/wolfsburg\/"},{"@type":"ListItem","position":2,"name":"Kontakt"}]},{"@type":"WebSite","@id":"https:\/\/vb-bachstein.de\/wolfsburg\/#website","url":"https:\/\/vb-bachstein.de\/wolfsburg\/","name":"VB-Wolfsburg","description":"","publisher":{"@id":"https:\/\/vb-bachstein.de\/wolfsburg\/#organization"},"potentialAction":[{"@type":"SearchAction","target":{"@type":"EntryPoint","urlTemplate":"https:\/\/vb-bachstein.de\/wolfsburg\/?s={search_term_string}"},"query-input":{"@type":"PropertyValueSpecification","valueRequired":true,"valueName":"search_term_string"}}],"inLanguage":"cs"},{"@type":"Organization","@id":"https:\/\/vb-bachstein.de\/wolfsburg\/#organization","name":"VB-Wolfsburg","url":"https:\/\/vb-bachstein.de\/wolfsburg\/","logo":{"@type":"ImageObject","inLanguage":"cs","@id":"https:\/\/vb-bachstein.de\/wolfsburg\/#\/schema\/logo\/image\/","url":"https:\/\/vb-bachstein.de\/wolfsburg\/wp-content\/uploads\/sites\/14\/vb-bachstein_logo.svg","contentUrl":"https:\/\/vb-bachstein.de\/wolfsburg\/wp-content\/uploads\/sites\/14\/vb-bachstein_logo.svg","caption":"VB-Wolfsburg"},"image":{"@id":"https:\/\/vb-bachstein.de\/wolfsburg\/#\/schema\/logo\/image\/"}}]}},"_links":{"self":[{"href":"https:\/\/vb-bachstein.de\/wolfsburg\/cs\/wp-json\/wp\/v2\/pages\/1010","targetHints":{"allow":["GET"]}}],"collection":[{"href":"https:\/\/vb-bachstein.de\/wolfsburg\/cs\/wp-json\/wp\/v2\/pages"}],"about":[{"href":"https:\/\/vb-bachstein.de\/wolfsburg\/cs\/wp-json\/wp\/v2\/types\/page"}],"author":[{"embeddable":true,"href":"https:\/\/vb-bachstein.de\/wolfsburg\/cs\/wp-json\/wp\/v2\/users\/4"}],"replies":[{"embeddable":true,"href":"https:\/\/vb-bachstein.de\/wolfsburg\/cs\/wp-json\/wp\/v2\/comments?post=1010"}],"version-history":[{"count":0,"href":"https:\/\/vb-bachstein.de\/wolfsburg\/cs\/wp-json\/wp\/v2\/pages\/1010\/revisions"}],"wp:featuredmedia":[{"embeddable":true,"href":"https:\/\/vb-bachstein.de\/wolfsburg\/cs\/wp-json\/wp\/v2\/media\/1567"}],"wp:attachment":[{"href":"https:\/\/vb-bachstein.de\/wolfsburg\/cs\/wp-json\/wp\/v2\/media?parent=1010"}],"curies":[{"name":"wp","href":"https:\/\/api.w.org\/{rel}","templated":true}]}}