{"id":24,"date":"2024-07-10T11:42:20","date_gmt":"2024-07-10T09:42:20","guid":{"rendered":"https:\/\/vb-bachstein.de\/?page_id=24"},"modified":"2024-07-10T12:04:11","modified_gmt":"2024-07-10T10:04:11","slug":"%d0%b7%d0%b0%d1%89%d0%b8%d1%82%d0%b0-%d0%b4%d0%b0%d0%bd%d0%bd%d1%8b%d1%85","status":"publish","type":"page","link":"https:\/\/vb-bachstein.de\/ru\/datenschutz\/","title":{"rendered":"\u0417\u0430\u0449\u0438\u0442\u0430 \u0434\u0430\u043d\u043d\u044b\u0445"},"content":{"rendered":"<div data-elementor-type=\"wp-page\" data-elementor-id=\"24\" class=\"elementor elementor-24\" data-elementor-post-type=\"page\">\n\t\t\t\t<div class=\"elementor-element elementor-element-5c27d0f e-flex e-con-boxed wpr-particle-no wpr-jarallax-no wpr-parallax-no wpr-sticky-section-no wpr-column-slider-no wpr-equal-height-no e-con e-parent\" data-id=\"5c27d0f\" data-element_type=\"container\" data-e-type=\"container\">\n\t\t\t\t\t<div class=\"e-con-inner\">\n\t\t\t\t<div class=\"elementor-element elementor-element-3cc7d10 elementor-widget elementor-widget-heading\" data-id=\"3cc7d10\" data-element_type=\"widget\" data-e-type=\"widget\" data-widget_type=\"heading.default\">\n\t\t\t\t<div class=\"elementor-widget-container\">\n\t\t\t\t\t<h2 class=\"elementor-heading-title elementor-size-default\">\u0417\u0410\u0429\u0418\u0422\u0410 \u0414\u0410\u041d\u041d\u042b\u0425<\/h2>\t\t\t\t<\/div>\n\t\t\t\t<\/div>\n\t\t\t\t<div class=\"elementor-element elementor-element-554b6fb elementor-widget elementor-widget-heading\" data-id=\"554b6fb\" data-element_type=\"widget\" data-e-type=\"widget\" data-widget_type=\"heading.default\">\n\t\t\t\t<div class=\"elementor-widget-container\">\n\t\t\t\t\t<h4 class=\"elementor-heading-title elementor-size-default\">\u0412\u0441\u0435 \u0441 \u043f\u0435\u0440\u0432\u043e\u0433\u043e \u0432\u0437\u0433\u043b\u044f\u0434\u0430<\/h4>\t\t\t\t<\/div>\n\t\t\t\t<\/div>\n\t\t\t\t<div class=\"elementor-element elementor-element-3022eb7 elementor-widget elementor-widget-text-editor\" data-id=\"3022eb7\" data-element_type=\"widget\" data-e-type=\"widget\" data-widget_type=\"text-editor.default\">\n\t\t\t\t<div class=\"elementor-widget-container\">\n\t\t\t\t\t\t\t\t\t<p>\u0421\u043b\u0435\u0434\u0443\u044e\u0449\u0430\u044f \u0438\u043d\u0444\u043e\u0440\u043c\u0430\u0446\u0438\u044f \u0441\u043e\u0434\u0435\u0440\u0436\u0438\u0442 \u043f\u0440\u043e\u0441\u0442\u043e\u0439 \u043e\u0431\u0437\u043e\u0440 \u0442\u043e\u0433\u043e, \u0447\u0442\u043e \u043f\u0440\u043e\u0438\u0441\u0445\u043e\u0434\u0438\u0442 \u0441 \u0432\u0430\u0448\u0438\u043c\u0438 \u043f\u0435\u0440\u0441\u043e\u043d\u0430\u043b\u044c\u043d\u044b\u043c\u0438 \u0434\u0430\u043d\u043d\u044b\u043c\u0438 \u043f\u0440\u0438 \u043f\u043e\u0441\u0435\u0449\u0435\u043d\u0438\u0438 \u044d\u0442\u043e\u0433\u043e \u0441\u0430\u0439\u0442\u0430. \u041b\u0438\u0447\u043d\u044b\u0435 \u0434\u0430\u043d\u043d\u044b\u0435 - \u044d\u0442\u043e \u043b\u044e\u0431\u044b\u0435 \u0434\u0430\u043d\u043d\u044b\u0435, \u043a\u043e\u0442\u043e\u0440\u044b\u0435 \u043c\u043e\u0433\u0443\u0442 \u0431\u044b\u0442\u044c \u0438\u0441\u043f\u043e\u043b\u044c\u0437\u043e\u0432\u0430\u043d\u044b \u0434\u043b\u044f \u0438\u0434\u0435\u043d\u0442\u0438\u0444\u0438\u043a\u0430\u0446\u0438\u0438 \u0432\u0430\u0441 \u043b\u0438\u0447\u043d\u043e. \u0414\u043b\u044f \u043f\u043e\u043b\u0443\u0447\u0435\u043d\u0438\u044f \u043f\u043e\u0434\u0440\u043e\u0431\u043d\u043e\u0439 \u0438\u043d\u0444\u043e\u0440\u043c\u0430\u0446\u0438\u0438 \u043e \u0437\u0430\u0449\u0438\u0442\u0435 \u0434\u0430\u043d\u043d\u044b\u0445, \u043f\u043e\u0436\u0430\u043b\u0443\u0439\u0441\u0442\u0430, \u043e\u0437\u043d\u0430\u043a\u043e\u043c\u044c\u0442\u0435\u0441\u044c \u0441 \u043d\u0430\u0448\u0435\u0439 \u043f\u043e\u043b\u0438\u0442\u0438\u043a\u043e\u0439 \u043a\u043e\u043d\u0444\u0438\u0434\u0435\u043d\u0446\u0438\u0430\u043b\u044c\u043d\u043e\u0441\u0442\u0438, \u043f\u0440\u0438\u0432\u0435\u0434\u0435\u043d\u043d\u043e\u0439 \u043f\u043e\u0434 \u044d\u0442\u0438\u043c \u0442\u0435\u043a\u0441\u0442\u043e\u043c.<\/p>\t\t\t\t\t\t\t\t<\/div>\n\t\t\t\t<\/div>\n\t\t\t\t\t<\/div>\n\t\t\t\t<\/div>\n\t\t<div class=\"elementor-element elementor-element-0add625 e-flex e-con-boxed wpr-particle-no wpr-jarallax-no wpr-parallax-no wpr-sticky-section-no wpr-column-slider-no wpr-equal-height-no e-con e-parent\" data-id=\"0add625\" data-element_type=\"container\" data-e-type=\"container\">\n\t\t\t\t\t<div class=\"e-con-inner\">\n\t\t\t\t<div class=\"elementor-element elementor-element-6ff6ee1 elementor-widget elementor-widget-heading\" data-id=\"6ff6ee1\" data-element_type=\"widget\" data-e-type=\"widget\" data-widget_type=\"heading.default\">\n\t\t\t\t<div class=\"elementor-widget-container\">\n\t\t\t\t\t<h2 class=\"elementor-heading-title elementor-size-default\">\u0421\u043a\u043e\u0440\u043e \u0437\u0434\u0435\u0441\u044c \u0431\u0443\u0434\u0435\u0442 \u0435\u0449\u0435 \u043c\u043d\u043e\u0433\u043e \u0432\u0441\u0435\u0433\u043e, \u043d\u043e... \u043d\u0443... \u0432\u0441\u0435\u043c\u0443 \u0441\u0432\u043e\u0435 \u0432\u0440\u0435\u043c\u044f.<\/h2>\t\t\t\t<\/div>\n\t\t\t\t<\/div>\n\t\t\t\t\t<\/div>\n\t\t\t\t<\/div>\n\t\t\t\t<\/div>","protected":false},"excerpt":{"rendered":"<p>DATENSCHUTZ Alles auf einen Blick Die folgenden Hinweise geben einen einfachen \u00dcberblick dar\u00fcber, was mit deinen personenbezogenen Daten passiert, wenn du diese Website besuchst. Personenbezogene Daten sind alle Daten, mit denen du pers\u00f6nlich identifiziert werden kannst. Ausf\u00fchrliche Informationen zum Thema Datenschutz entnehme unserer unter diesem Text aufgef\u00fchrten Datenschutzerkl\u00e4rung. Hier wird bald um einiges mehr stehen, aber&#8230; nun&#8230; alles zu seiner Zeit.<\/p>","protected":false},"author":1,"featured_media":0,"parent":0,"menu_order":0,"comment_status":"closed","ping_status":"closed","template":"","meta":{"footnotes":""},"class_list":["post-24","page","type-page","status-publish","hentry"],"yoast_head":"<!-- This site is optimized with the Yoast SEO plugin v27.5 - https:\/\/yoast.com\/product\/yoast-seo-wordpress\/ -->\n<title>Datenschutz - VB-Portalseite<\/title>\n<meta name=\"robots\" content=\"index, follow, max-snippet:-1, max-image-preview:large, max-video-preview:-1\" \/>\n<link rel=\"canonical\" href=\"https:\/\/vb-bachstein.de\/ru\/\u0437\u0430\u0449\u0438\u0442\u0430-\u0434\u0430\u043d\u043d\u044b\u0445\/\" \/>\n<meta property=\"og:locale\" content=\"ru_RU\" \/>\n<meta property=\"og:type\" content=\"article\" \/>\n<meta property=\"og:title\" content=\"Datenschutz - VB-Portalseite\" \/>\n<meta property=\"og:description\" content=\"DATENSCHUTZ Alles auf einen Blick Die folgenden Hinweise geben einen einfachen \u00dcberblick dar\u00fcber, was mit deinen personenbezogenen Daten passiert, wenn du diese Website besuchst. Personenbezogene Daten sind alle Daten, mit denen du pers\u00f6nlich identifiziert werden kannst. Ausf\u00fchrliche Informationen zum Thema Datenschutz entnehme unserer unter diesem Text aufgef\u00fchrten Datenschutzerkl\u00e4rung. Hier wird bald um einiges mehr stehen, aber&#8230; nun&#8230; alles zu seiner Zeit.\" \/>\n<meta property=\"og:url\" content=\"https:\/\/vb-bachstein.de\/ru\/\u0437\u0430\u0449\u0438\u0442\u0430-\u0434\u0430\u043d\u043d\u044b\u0445\/\" \/>\n<meta property=\"og:site_name\" content=\"VB-Portalseite\" \/>\n<meta property=\"article:modified_time\" content=\"2024-07-10T10:04:11+00:00\" \/>\n<meta name=\"twitter:card\" content=\"summary_large_image\" \/>\n<meta name=\"twitter:label1\" content=\"\u041f\u0440\u0438\u043c\u0435\u0440\u043d\u043e\u0435 \u0432\u0440\u0435\u043c\u044f \u0434\u043b\u044f \u0447\u0442\u0435\u043d\u0438\u044f\" \/>\n\t<meta name=\"twitter:data1\" content=\"1 \u043c\u0438\u043d\u0443\u0442\u0430\" \/>\n<script type=\"application\/ld+json\" class=\"yoast-schema-graph\">{\"@context\":\"https:\\\/\\\/schema.org\",\"@graph\":[{\"@type\":\"WebPage\",\"@id\":\"https:\\\/\\\/vb-bachstein.de\\\/datenschutz\\\/\",\"url\":\"https:\\\/\\\/vb-bachstein.de\\\/datenschutz\\\/\",\"name\":\"Datenschutz - VB-Portalseite\",\"isPartOf\":{\"@id\":\"https:\\\/\\\/vb-bachstein.de\\\/#website\"},\"datePublished\":\"2024-07-10T09:42:20+00:00\",\"dateModified\":\"2024-07-10T10:04:11+00:00\",\"breadcrumb\":{\"@id\":\"https:\\\/\\\/vb-bachstein.de\\\/datenschutz\\\/#breadcrumb\"},\"inLanguage\":\"ru-RU\",\"potentialAction\":[{\"@type\":\"ReadAction\",\"target\":[\"https:\\\/\\\/vb-bachstein.de\\\/datenschutz\\\/\"]}]},{\"@type\":\"BreadcrumbList\",\"@id\":\"https:\\\/\\\/vb-bachstein.de\\\/datenschutz\\\/#breadcrumb\",\"itemListElement\":[{\"@type\":\"ListItem\",\"position\":1,\"name\":\"Startseite\",\"item\":\"https:\\\/\\\/vb-bachstein.de\\\/\"},{\"@type\":\"ListItem\",\"position\":2,\"name\":\"Datenschutz\"}]},{\"@type\":\"WebSite\",\"@id\":\"https:\\\/\\\/vb-bachstein.de\\\/#website\",\"url\":\"https:\\\/\\\/vb-bachstein.de\\\/\",\"name\":\"VB-Portalseite\",\"description\":\"\",\"publisher\":{\"@id\":\"https:\\\/\\\/vb-bachstein.de\\\/#organization\"},\"potentialAction\":[{\"@type\":\"SearchAction\",\"target\":{\"@type\":\"EntryPoint\",\"urlTemplate\":\"https:\\\/\\\/vb-bachstein.de\\\/?s={search_term_string}\"},\"query-input\":{\"@type\":\"PropertyValueSpecification\",\"valueRequired\":true,\"valueName\":\"search_term_string\"}}],\"inLanguage\":\"ru-RU\"},{\"@type\":\"Organization\",\"@id\":\"https:\\\/\\\/vb-bachstein.de\\\/#organization\",\"name\":\"VB-Portalseite\",\"url\":\"https:\\\/\\\/vb-bachstein.de\\\/\",\"logo\":{\"@type\":\"ImageObject\",\"inLanguage\":\"ru-RU\",\"@id\":\"https:\\\/\\\/vb-bachstein.de\\\/#\\\/schema\\\/logo\\\/image\\\/\",\"url\":\"https:\\\/\\\/vb-bachstein.de\\\/wp-content\\\/uploads\\\/sites\\\/14\\\/vb-bachstein_logo.svg\",\"contentUrl\":\"https:\\\/\\\/vb-bachstein.de\\\/wp-content\\\/uploads\\\/sites\\\/14\\\/vb-bachstein_logo.svg\",\"caption\":\"VB-Portalseite\"},\"image\":{\"@id\":\"https:\\\/\\\/vb-bachstein.de\\\/#\\\/schema\\\/logo\\\/image\\\/\"}}]}<\/script>\n<!-- \/ Yoast SEO plugin. -->","yoast_head_json":{"title":"\u0417\u0430\u0449\u0438\u0442\u0430 \u0434\u0430\u043d\u043d\u044b\u0445 - \u0441\u0442\u0440\u0430\u043d\u0438\u0446\u0430 \u043f\u043e\u0440\u0442\u0430\u043b\u0430 VB","robots":{"index":"index","follow":"follow","max-snippet":"max-snippet:-1","max-image-preview":"max-image-preview:large","max-video-preview":"max-video-preview:-1"},"canonical":"https:\/\/vb-bachstein.de\/ru\/\u0437\u0430\u0449\u0438\u0442\u0430-\u0434\u0430\u043d\u043d\u044b\u0445\/","og_locale":"ru_RU","og_type":"article","og_title":"Datenschutz - VB-Portalseite","og_description":"DATENSCHUTZ Alles auf einen Blick Die folgenden Hinweise geben einen einfachen \u00dcberblick dar\u00fcber, was mit deinen personenbezogenen Daten passiert, wenn du diese Website besuchst. Personenbezogene Daten sind alle Daten, mit denen du pers\u00f6nlich identifiziert werden kannst. Ausf\u00fchrliche Informationen zum Thema Datenschutz entnehme unserer unter diesem Text aufgef\u00fchrten Datenschutzerkl\u00e4rung. Hier wird bald um einiges mehr stehen, aber&#8230; nun&#8230; alles zu seiner Zeit.","og_url":"https:\/\/vb-bachstein.de\/ru\/\u0437\u0430\u0449\u0438\u0442\u0430-\u0434\u0430\u043d\u043d\u044b\u0445\/","og_site_name":"VB-Portalseite","article_modified_time":"2024-07-10T10:04:11+00:00","twitter_card":"summary_large_image","twitter_misc":{"\u041f\u0440\u0438\u043c\u0435\u0440\u043d\u043e\u0435 \u0432\u0440\u0435\u043c\u044f \u0434\u043b\u044f \u0447\u0442\u0435\u043d\u0438\u044f":"1 \u043c\u0438\u043d\u0443\u0442\u0430"},"schema":{"@context":"https:\/\/schema.org","@graph":[{"@type":"WebPage","@id":"https:\/\/vb-bachstein.de\/datenschutz\/","url":"https:\/\/vb-bachstein.de\/datenschutz\/","name":"\u0417\u0430\u0449\u0438\u0442\u0430 \u0434\u0430\u043d\u043d\u044b\u0445 - \u0441\u0442\u0440\u0430\u043d\u0438\u0446\u0430 \u043f\u043e\u0440\u0442\u0430\u043b\u0430 VB","isPartOf":{"@id":"https:\/\/vb-bachstein.de\/#website"},"datePublished":"2024-07-10T09:42:20+00:00","dateModified":"2024-07-10T10:04:11+00:00","breadcrumb":{"@id":"https:\/\/vb-bachstein.de\/datenschutz\/#breadcrumb"},"inLanguage":"ru-RU","potentialAction":[{"@type":"ReadAction","target":["https:\/\/vb-bachstein.de\/datenschutz\/"]}]},{"@type":"BreadcrumbList","@id":"https:\/\/vb-bachstein.de\/datenschutz\/#breadcrumb","itemListElement":[{"@type":"ListItem","position":1,"name":"Startseite","item":"https:\/\/vb-bachstein.de\/"},{"@type":"ListItem","position":2,"name":"Datenschutz"}]},{"@type":"WebSite","@id":"https:\/\/vb-bachstein.de\/#website","url":"https:\/\/vb-bachstein.de\/","name":"\u0421\u0442\u0440\u0430\u043d\u0438\u0446\u0430 \u043f\u043e\u0440\u0442\u0430\u043b\u0430 VB","description":"","publisher":{"@id":"https:\/\/vb-bachstein.de\/#organization"},"potentialAction":[{"@type":"SearchAction","target":{"@type":"EntryPoint","urlTemplate":"https:\/\/vb-bachstein.de\/?s={search_term_string}"},"query-input":{"@type":"PropertyValueSpecification","valueRequired":true,"valueName":"search_term_string"}}],"inLanguage":"ru-RU"},{"@type":"Organization","@id":"https:\/\/vb-bachstein.de\/#organization","name":"\u0421\u0442\u0440\u0430\u043d\u0438\u0446\u0430 \u043f\u043e\u0440\u0442\u0430\u043b\u0430 VB","url":"https:\/\/vb-bachstein.de\/","logo":{"@type":"ImageObject","inLanguage":"ru-RU","@id":"https:\/\/vb-bachstein.de\/#\/schema\/logo\/image\/","url":"https:\/\/vb-bachstein.de\/wp-content\/uploads\/sites\/14\/vb-bachstein_logo.svg","contentUrl":"https:\/\/vb-bachstein.de\/wp-content\/uploads\/sites\/14\/vb-bachstein_logo.svg","caption":"VB-Portalseite"},"image":{"@id":"https:\/\/vb-bachstein.de\/#\/schema\/logo\/image\/"}}]}},"_links":{"self":[{"href":"https:\/\/vb-bachstein.de\/ru\/wp-json\/wp\/v2\/pages\/24","targetHints":{"allow":["GET"]}}],"collection":[{"href":"https:\/\/vb-bachstein.de\/ru\/wp-json\/wp\/v2\/pages"}],"about":[{"href":"https:\/\/vb-bachstein.de\/ru\/wp-json\/wp\/v2\/types\/page"}],"author":[{"embeddable":true,"href":"https:\/\/vb-bachstein.de\/ru\/wp-json\/wp\/v2\/users\/1"}],"replies":[{"embeddable":true,"href":"https:\/\/vb-bachstein.de\/ru\/wp-json\/wp\/v2\/comments?post=24"}],"version-history":[{"count":0,"href":"https:\/\/vb-bachstein.de\/ru\/wp-json\/wp\/v2\/pages\/24\/revisions"}],"wp:attachment":[{"href":"https:\/\/vb-bachstein.de\/ru\/wp-json\/wp\/v2\/media?parent=24"}],"curies":[{"name":"wp","href":"https:\/\/api.w.org\/{rel}","templated":true}]}}