{"id":3427,"date":"2026-01-30T09:51:39","date_gmt":"2026-01-30T08:51:39","guid":{"rendered":"https:\/\/vb-bachstein.de\/hornburg\/?page_id=3427"},"modified":"2026-02-11T10:26:09","modified_gmt":"2026-02-11T09:26:09","slug":"%d1%81%d1%80%d0%b5%d0%b4%d1%81%d1%82%d0%b2%d0%b0","status":"publish","type":"page","link":"https:\/\/vb-bachstein.de\/hornburg\/ru\/service\/fundsachen\/","title":{"rendered":"\u041f\u043e\u0442\u0435\u0440\u044f\u043d\u043d\u043e\u0435 \u0438\u043c\u0443\u0449\u0435\u0441\u0442\u0432\u043e"},"content":{"rendered":"<div data-elementor-type=\"wp-page\" data-elementor-id=\"3427\" class=\"elementor elementor-3427\" data-elementor-post-type=\"page\">\n\t\t\t\t<div class=\"elementor-element elementor-element-950ede9 e-flex e-con-boxed wpr-particle-no wpr-jarallax-no wpr-parallax-no wpr-sticky-section-no wpr-equal-height-no e-con e-parent\" data-id=\"950ede9\" data-element_type=\"container\" data-e-type=\"container\">\n\t\t\t\t\t<div class=\"e-con-inner\">\n\t\t<div class=\"elementor-element elementor-element-cd7024f e-con-full e-flex wpr-particle-no wpr-jarallax-no wpr-parallax-no wpr-sticky-section-no wpr-equal-height-no e-con e-child\" data-id=\"cd7024f\" data-element_type=\"container\" data-e-type=\"container\">\n\t\t\t\t<div class=\"elementor-element elementor-element-8cb9368 elementor-widget elementor-widget-heading\" data-id=\"8cb9368\" data-element_type=\"widget\" data-e-type=\"widget\" data-widget_type=\"heading.default\">\n\t\t\t\t<div class=\"elementor-widget-container\">\n\t\t\t\t\t<h2 class=\"elementor-heading-title elementor-size-default\">\u0412\u0410\u0428 \u041e\u041d\u041b\u0410\u0419\u041d-\u041e\u0424\u0418\u0421 \u041f\u041e \u041f\u041e\u0418\u0421\u041a\u0423 \u041f\u041e\u0422\u0415\u0420\u042f\u041d\u041d\u041e\u0413\u041e \u0418\u041c\u0423\u0429\u0415\u0421\u0422\u0412\u0410<\/h2>\t\t\t\t<\/div>\n\t\t\t\t<\/div>\n\t\t\t\t<div class=\"elementor-element elementor-element-4b3ae76 elementor-widget elementor-widget-text-editor\" data-id=\"4b3ae76\" data-element_type=\"widget\" data-e-type=\"widget\" data-widget_type=\"text-editor.default\">\n\t\t\t\t<div class=\"elementor-widget-container\">\n\t\t\t\t\t\t\t\t\t<p data-start=\"219\" data-end=\"251\"><strong>\u0418\u0449\u0438\u0442\u0435 \u043f\u043e\u0442\u0435\u0440\u044f\u043d\u043d\u043e\u0435 \u0438\u043c\u0443\u0449\u0435\u0441\u0442\u0432\u043e \u043e\u043d\u043b\u0430\u0439\u043d \u0438 \u043f\u0440\u043e\u0441\u0442\u043e \u0437\u0430\u0431\u0438\u0440\u0430\u0439\u0442\u0435 \u0435\u0433\u043e!<\/strong><\/p><p data-start=\"306\" data-end=\"498\">\u0412\u044b \u043f\u043e\u0442\u0435\u0440\u044f\u043b\u0438 \u0447\u0442\u043e-\u0442\u043e \u0432 \u043e\u0434\u043d\u043e\u043c \u0438\u0437 \u043d\u0430\u0448\u0438\u0445 \u0430\u0432\u0442\u043e\u0431\u0443\u0441\u043e\u0432? \u0421 \u043f\u043e\u043c\u043e\u0449\u044c\u044e \u043d\u0430\u0448\u0435\u0433\u043e <strong data-start=\"393\" data-end=\"412\">\u041e\u043d\u043b\u0430\u0439\u043d-\u0441\u043b\u0443\u0436\u0431\u0430 \u043f\u043e \u043f\u043e\u0438\u0441\u043a\u0443 \u043f\u043e\u0442\u0435\u0440\u044f\u043d\u043d\u043e\u0433\u043e \u0438\u043c\u0443\u0449\u0435\u0441\u0442\u0432\u0430<\/strong> \u0412\u044b \u043c\u043e\u0436\u0435\u0442\u0435 \u0432 \u043b\u044e\u0431\u043e\u0435 \u0432\u0440\u0435\u043c\u044f \u043f\u0440\u043e\u0432\u0435\u0440\u0438\u0442\u044c, \u0431\u044b\u043b \u043b\u0438 \u0432\u0430\u0448 \u0442\u043e\u0432\u0430\u0440 \u043f\u043e\u043b\u0443\u0447\u0435\u043d \u043d\u0430\u043c\u0438 \u043a\u0430\u043a \u043f\u043e\u0442\u0435\u0440\u044f\u043d\u043d\u044b\u0439.<\/p>\t\t\t\t\t\t\t\t<\/div>\n\t\t\t\t<\/div>\n\t\t\t\t<\/div>\n\t\t<div class=\"elementor-element elementor-element-2f5dc92 e-con-full e-flex wpr-particle-no wpr-jarallax-no wpr-parallax-no wpr-sticky-section-no wpr-equal-height-no e-con e-child\" data-id=\"2f5dc92\" data-element_type=\"container\" data-e-type=\"container\">\n\t\t\t\t<\/div>\n\t\t\t\t\t<\/div>\n\t\t\t\t<\/div>\n\t\t<div class=\"elementor-element elementor-element-dee0748 e-flex e-con-boxed wpr-particle-no wpr-jarallax-no wpr-parallax-no wpr-sticky-section-no wpr-equal-height-no e-con e-parent\" data-id=\"dee0748\" data-element_type=\"container\" data-e-type=\"container\">\n\t\t\t\t\t<div class=\"e-con-inner\">\n\t\t\t\t<div class=\"elementor-element elementor-element-014efac elementor-widget elementor-widget-text-editor\" data-id=\"014efac\" data-element_type=\"widget\" data-e-type=\"widget\" data-widget_type=\"text-editor.default\">\n\t\t\t\t<div class=\"elementor-widget-container\">\n\t\t\t\t\t\t\t\t\t<h3 data-start=\"504\" data-end=\"549\">\u041f\u0440\u0438\u043c\u0435\u0447\u0430\u043d\u0438\u0435: \u043e\u043d\u043b\u0430\u0439\u043d-\u043e\u0444\u0438\u0441 \u0443\u0442\u0435\u0440\u044f\u043d\u043d\u043e\u0433\u043e \u0438\u043c\u0443\u0449\u0435\u0441\u0442\u0432\u0430 \u043d\u0430\u0445\u043e\u0434\u0438\u0442\u0441\u044f \u0432 \u0440\u0435\u0436\u0438\u043c\u0435 \u043e\u0431\u0441\u043b\u0443\u0436\u0438\u0432\u0430\u043d\u0438\u044f<\/h3><p data-start=\"551\" data-end=\"739\">\u041d\u0430\u0448 \u043e\u043d\u043b\u0430\u0439\u043d-\u043e\u0444\u0438\u0441 \u043f\u043e\u0442\u0435\u0440\u044f\u043d\u043d\u043e\u0433\u043e \u0438\u043c\u0443\u0449\u0435\u0441\u0442\u0432\u0430 \u0432 \u043d\u0430\u0441\u0442\u043e\u044f\u0449\u0435\u0435 \u0432\u0440\u0435\u043c\u044f \u0432\u0440\u0435\u043c\u0435\u043d\u043d\u043e \u043d\u0435\u0434\u043e\u0441\u0442\u0443\u043f\u0435\u043d \u0432 \u0441\u0432\u044f\u0437\u0438 \u0441 \u043f\u0440\u043e\u0432\u0435\u0434\u0435\u043d\u0438\u0435\u043c \u0440\u0435\u043c\u043e\u043d\u0442\u043d\u044b\u0445 \u0440\u0430\u0431\u043e\u0442.<br data-start=\"645\" data-end=\"648\" \/>\u041c\u044b \u043f\u0440\u0438\u043b\u0430\u0433\u0430\u0435\u043c \u0432\u0441\u0435 \u0443\u0441\u0438\u043b\u0438\u044f, \u0447\u0442\u043e\u0431\u044b \u0432\u043e\u0437\u043e\u0431\u043d\u043e\u0432\u0438\u0442\u044c \u0440\u0430\u0431\u043e\u0442\u0443 \u0441\u0435\u0440\u0432\u0438\u0441\u0430 \u043a\u0430\u043a \u043c\u043e\u0436\u043d\u043e \u0441\u043a\u043e\u0440\u0435\u0435.<\/p><p data-start=\"741\" data-end=\"832\"><b>\u0412\u043e \u0432\u0440\u0435\u043c\u044f \u043f\u0440\u043e\u0432\u0435\u0434\u0435\u043d\u0438\u044f \u0440\u0435\u043c\u043e\u043d\u0442\u043d\u044b\u0445 \u0440\u0430\u0431\u043e\u0442 \u0432\u044b \u043c\u043e\u0436\u0435\u0442\u0435 \u043f\u043e\u0437\u0432\u043e\u043d\u0438\u0442\u044c \u043f\u043e \u0442\u0435\u043b\u0435\u0444\u043e\u043d\u0443 05334 9255990 \u0438 \u0443\u0437\u043d\u0430\u0442\u044c \u043e \u043f\u043e\u0442\u0435\u0440\u044f\u043d\u043d\u043e\u043c \u0438\u043c\u0443\u0449\u0435\u0441\u0442\u0432\u0435.<\/b><\/p><p data-start=\"741\" data-end=\"832\">\u00a0\u0421\u043f\u0430\u0441\u0438\u0431\u043e \u0437\u0430 \u043f\u043e\u043d\u0438\u043c\u0430\u043d\u0438\u0435<\/p>\t\t\t\t\t\t\t\t<\/div>\n\t\t\t\t<\/div>\n\t\t\t\t<div class=\"elementor-element elementor-element-8586b9e elementor-widget elementor-widget-spacer\" data-id=\"8586b9e\" data-element_type=\"widget\" data-e-type=\"widget\" data-widget_type=\"spacer.default\">\n\t\t\t\t<div class=\"elementor-widget-container\">\n\t\t\t\t\t\t\t<div class=\"elementor-spacer\">\n\t\t\t<div class=\"elementor-spacer-inner\"><\/div>\n\t\t<\/div>\n\t\t\t\t\t\t<\/div>\n\t\t\t\t<\/div>\n\t\t\t\t\t<\/div>\n\t\t\t\t<\/div>\n\t\t\t\t<\/div>","protected":false},"excerpt":{"rendered":"<p>\u0412\u0410\u0428 \u041e\u041d\u041b\u0410\u0419\u041d \u041f\u041e\u0418\u0421\u041a \u0418\u0449\u0438\u0442\u0435 \u043f\u043e\u0442\u0435\u0440\u044f\u043d\u043d\u043e\u0435 \u0438\u043c\u0443\u0449\u0435\u0441\u0442\u0432\u043e \u043e\u043d\u043b\u0430\u0439\u043d \u0438 \u043f\u0440\u043e\u0441\u0442\u043e \u0437\u0430\u0431\u0438\u0440\u0430\u0439\u0442\u0435 \u0435\u0433\u043e! \u0412\u044b \u043f\u043e\u0442\u0435\u0440\u044f\u043b\u0438 \u0447\u0442\u043e-\u0442\u043e \u0432 \u043e\u0434\u043d\u043e\u043c \u0438\u0437 \u043d\u0430\u0448\u0438\u0445 \u0430\u0432\u0442\u043e\u0431\u0443\u0441\u043e\u0432? \u0421 \u043f\u043e\u043c\u043e\u0449\u044c\u044e \u043d\u0430\u0448\u0435\u0433\u043e \u043e\u043d\u043b\u0430\u0439\u043d-\u043f\u0443\u043d\u043a\u0442\u0430 \u043f\u043e\u0438\u0441\u043a\u0430 \u043f\u043e\u0442\u0435\u0440\u044f\u043d\u043d\u044b\u0445 \u0432\u0435\u0449\u0435\u0439 \u0432\u044b \u043c\u043e\u0436\u0435\u0442\u0435 \u0432 \u043b\u044e\u0431\u043e\u0435 \u0432\u0440\u0435\u043c\u044f \u043f\u0440\u043e\u0432\u0435\u0440\u0438\u0442\u044c, \u0431\u044b\u043b\u0430 \u043b\u0438 \u0432\u0430\u0448\u0430 \u0432\u0435\u0449\u044c \u043f\u043e\u043b\u0443\u0447\u0435\u043d\u0430 \u043d\u0430\u043c\u0438 \u043a\u0430\u043a \u043f\u043e\u0442\u0435\u0440\u044f\u043d\u043d\u0430\u044f. \u041f\u0440\u0438\u043c\u0435\u0447\u0430\u043d\u0438\u0435: \u041e\u043d\u043b\u0430\u0439\u043d-\u043e\u0444\u0438\u0441 \u043f\u043e \u0443\u0442\u0435\u0440\u0435 \u0438\u043c\u0443\u0449\u0435\u0441\u0442\u0432\u0430 \u043d\u0430\u0445\u043e\u0434\u0438\u0442\u0441\u044f \u0432 \u0440\u0435\u0436\u0438\u043c\u0435 \u0442\u0435\u0445\u043d\u0438\u0447\u0435\u0441\u043a\u043e\u0433\u043e \u043e\u0431\u0441\u043b\u0443\u0436\u0438\u0432\u0430\u043d\u0438\u044f \u041d\u0430\u0448 \u043e\u043d\u043b\u0430\u0439\u043d-\u043e\u0444\u0438\u0441 \u043f\u043e \u0443\u0442\u0435\u0440\u0435 \u0438\u043c\u0443\u0449\u0435\u0441\u0442\u0432\u0430 \u0432 \u043d\u0430\u0441\u0442\u043e\u044f\u0449\u0435\u0435 \u0432\u0440\u0435\u043c\u044f \u0432\u0440\u0435\u043c\u0435\u043d\u043d\u043e \u043d\u0435\u0434\u043e\u0441\u0442\u0443\u043f\u0435\u043d \u0432 \u0441\u0432\u044f\u0437\u0438 \u0441 \u0442\u0435\u0445\u043d\u0438\u0447\u0435\u0441\u043a\u0438\u043c\u0438 \u0440\u0430\u0431\u043e\u0442\u0430\u043c\u0438, \u0438 \u043c\u044b \u043f\u0440\u0438\u043b\u0430\u0433\u0430\u0435\u043c \u0432\u0441\u0435 \u0443\u0441\u0438\u043b\u0438\u044f, \u0447\u0442\u043e\u0431\u044b \u043a\u0430\u043a \u043c\u043e\u0436\u043d\u043e \u0441\u043a\u043e\u0440\u0435\u0435 \u0432\u043e\u0437\u043e\u0431\u043d\u043e\u0432\u0438\u0442\u044c \u0440\u0430\u0431\u043e\u0442\u0443 \u0441\u0435\u0440\u0432\u0438\u0441\u0430. \u041d\u0430 \u0432\u0440\u0435\u043c\u044f \u043f\u0440\u043e\u0432\u0435\u0434\u0435\u043d\u0438\u044f \u043f\u0440\u043e\u0444\u0438\u043b\u0430\u043a\u0442\u0438\u0447\u0435\u0441\u043a\u0438\u0445 \u0440\u0430\u0431\u043e\u0442 \u0432\u044b \u043c\u043e\u0436\u0435\u0442\u0435 \u043e\u0431\u0440\u0430\u0442\u0438\u0442\u044c\u0441\u044f \u0437\u0430 \u0438\u043d\u0444\u043e\u0440\u043c\u0430\u0446\u0438\u0435\u0439 \u043e \u043f\u043e\u0442\u0435\u0440\u044f\u043d\u043d\u043e\u043c \u0438\u043c\u0443\u0449\u0435\u0441\u0442\u0432\u0435 \u043f\u043e \u0442\u0435\u043b\u0435\u0444\u043e\u043d\u0443: 05334 9255990 \u0421\u043f\u0430\u0441\u0438\u0431\u043e \u0437\u0430 \u043f\u043e\u043d\u0438\u043c\u0430\u043d\u0438\u0435.<\/p>","protected":false},"author":4,"featured_media":4134,"parent":16,"menu_order":0,"comment_status":"closed","ping_status":"closed","template":"","meta":{"footnotes":""},"class_list":["post-3427","page","type-page","status-publish","has-post-thumbnail","hentry"],"yoast_head":"<!-- This site is optimized with the Yoast SEO plugin v27.4 - https:\/\/yoast.com\/product\/yoast-seo-wordpress\/ -->\n<title>Fundsachen - VB-Hornburg<\/title>\n<meta name=\"robots\" content=\"index, follow, max-snippet:-1, max-image-preview:large, max-video-preview:-1\" \/>\n<link rel=\"canonical\" href=\"https:\/\/vb-bachstein.de\/hornburg\/\u0441\u0435\u0440\u0432\u0438\u0441\/\u0441\u0440\u0435\u0434\u0441\u0442\u0432\u0430\/\" \/>\n<meta property=\"og:locale\" content=\"ru_RU\" \/>\n<meta property=\"og:type\" content=\"article\" \/>\n<meta property=\"og:title\" content=\"Fundsachen - VB-Hornburg\" \/>\n<meta property=\"og:description\" content=\"DEIN ONLINE-FUNDB\u00dcRO Fundsachen online suchen + einfach abholen! Du hast etwas in einem unserer Busse verloren? Mit unserem Online-Fundb\u00fcro kannst du jederzeit pr\u00fcfen, ob dein Gegenstand bei uns als Fundsache eingegangen ist. Hinweis: Online-Fundb\u00fcro im Wartungsmodus Unser Online-Fundb\u00fcro ist derzeit aufgrund von Wartungsarbeiten vor\u00fcbergehend nicht verf\u00fcgbar.Wir arbeiten mit Hochdruck daran, den Service so schnell wie m\u00f6glich wieder freizuschalten. W\u00e4hrend der Dauer der Wartungsarbeiten kannst du dich telefonisch nach deiner Fundsache erkundigen unter: 05334 9255990 \u00a0Vielen Dank f\u00fcr dein Verst\u00e4ndnis\" \/>\n<meta property=\"og:url\" content=\"https:\/\/vb-bachstein.de\/hornburg\/\u0441\u0435\u0440\u0432\u0438\u0441\/\u0441\u0440\u0435\u0434\u0441\u0442\u0432\u0430\/\" \/>\n<meta property=\"og:site_name\" content=\"VB-Hornburg\" \/>\n<meta property=\"article:modified_time\" content=\"2026-02-11T09:26:09+00:00\" \/>\n<meta name=\"twitter:card\" content=\"summary_large_image\" \/>\n<meta name=\"twitter:label1\" content=\"\u041f\u0440\u0438\u043c\u0435\u0440\u043d\u043e\u0435 \u0432\u0440\u0435\u043c\u044f \u0434\u043b\u044f \u0447\u0442\u0435\u043d\u0438\u044f\" \/>\n\t<meta name=\"twitter:data1\" content=\"1 \u043c\u0438\u043d\u0443\u0442\u0430\" \/>\n<script type=\"application\/ld+json\" class=\"yoast-schema-graph\">{\"@context\":\"https:\\\/\\\/schema.org\",\"@graph\":[{\"@type\":\"WebPage\",\"@id\":\"https:\\\/\\\/vb-bachstein.de\\\/hornburg\\\/service\\\/fundsachen\\\/\",\"url\":\"https:\\\/\\\/vb-bachstein.de\\\/hornburg\\\/service\\\/fundsachen\\\/\",\"name\":\"Fundsachen - VB-Hornburg\",\"isPartOf\":{\"@id\":\"https:\\\/\\\/vb-bachstein.de\\\/hornburg\\\/#website\"},\"primaryImageOfPage\":{\"@id\":\"https:\\\/\\\/vb-bachstein.de\\\/hornburg\\\/service\\\/fundsachen\\\/#primaryimage\"},\"image\":{\"@id\":\"https:\\\/\\\/vb-bachstein.de\\\/hornburg\\\/service\\\/fundsachen\\\/#primaryimage\"},\"thumbnailUrl\":\"https:\\\/\\\/vb-bachstein.de\\\/hornburg\\\/wp-content\\\/uploads\\\/sites\\\/14\\\/header-subsite_fundsachen.jpg\",\"datePublished\":\"2026-01-30T08:51:39+00:00\",\"dateModified\":\"2026-02-11T09:26:09+00:00\",\"breadcrumb\":{\"@id\":\"https:\\\/\\\/vb-bachstein.de\\\/hornburg\\\/service\\\/fundsachen\\\/#breadcrumb\"},\"inLanguage\":\"ru-RU\",\"potentialAction\":[{\"@type\":\"ReadAction\",\"target\":[\"https:\\\/\\\/vb-bachstein.de\\\/hornburg\\\/service\\\/fundsachen\\\/\"]}]},{\"@type\":\"ImageObject\",\"inLanguage\":\"ru-RU\",\"@id\":\"https:\\\/\\\/vb-bachstein.de\\\/hornburg\\\/service\\\/fundsachen\\\/#primaryimage\",\"url\":\"https:\\\/\\\/vb-bachstein.de\\\/hornburg\\\/wp-content\\\/uploads\\\/sites\\\/14\\\/header-subsite_fundsachen.jpg\",\"contentUrl\":\"https:\\\/\\\/vb-bachstein.de\\\/hornburg\\\/wp-content\\\/uploads\\\/sites\\\/14\\\/header-subsite_fundsachen.jpg\"},{\"@type\":\"BreadcrumbList\",\"@id\":\"https:\\\/\\\/vb-bachstein.de\\\/hornburg\\\/service\\\/fundsachen\\\/#breadcrumb\",\"itemListElement\":[{\"@type\":\"ListItem\",\"position\":1,\"name\":\"Startseite\",\"item\":\"https:\\\/\\\/vb-bachstein.de\\\/hornburg\\\/\"},{\"@type\":\"ListItem\",\"position\":2,\"name\":\"Service\",\"item\":\"https:\\\/\\\/vb-bachstein.de\\\/hornburg\\\/service\\\/\"},{\"@type\":\"ListItem\",\"position\":3,\"name\":\"Fundsachen\"}]},{\"@type\":\"WebSite\",\"@id\":\"https:\\\/\\\/vb-bachstein.de\\\/hornburg\\\/#website\",\"url\":\"https:\\\/\\\/vb-bachstein.de\\\/hornburg\\\/\",\"name\":\"VB-Hornburg\",\"description\":\"\",\"publisher\":{\"@id\":\"https:\\\/\\\/vb-bachstein.de\\\/hornburg\\\/#organization\"},\"potentialAction\":[{\"@type\":\"SearchAction\",\"target\":{\"@type\":\"EntryPoint\",\"urlTemplate\":\"https:\\\/\\\/vb-bachstein.de\\\/hornburg\\\/?s={search_term_string}\"},\"query-input\":{\"@type\":\"PropertyValueSpecification\",\"valueRequired\":true,\"valueName\":\"search_term_string\"}}],\"inLanguage\":\"ru-RU\"},{\"@type\":\"Organization\",\"@id\":\"https:\\\/\\\/vb-bachstein.de\\\/hornburg\\\/#organization\",\"name\":\"VB-Hornburg\",\"url\":\"https:\\\/\\\/vb-bachstein.de\\\/hornburg\\\/\",\"logo\":{\"@type\":\"ImageObject\",\"inLanguage\":\"ru-RU\",\"@id\":\"https:\\\/\\\/vb-bachstein.de\\\/hornburg\\\/#\\\/schema\\\/logo\\\/image\\\/\",\"url\":\"https:\\\/\\\/vb-bachstein.de\\\/hornburg\\\/wp-content\\\/uploads\\\/sites\\\/14\\\/vb-bachstein_logo.svg\",\"contentUrl\":\"https:\\\/\\\/vb-bachstein.de\\\/hornburg\\\/wp-content\\\/uploads\\\/sites\\\/14\\\/vb-bachstein_logo.svg\",\"caption\":\"VB-Hornburg\"},\"image\":{\"@id\":\"https:\\\/\\\/vb-bachstein.de\\\/hornburg\\\/#\\\/schema\\\/logo\\\/image\\\/\"}}]}<\/script>\n<!-- \/ Yoast SEO plugin. -->","yoast_head_json":{"title":"\u041f\u043e\u0442\u0435\u0440\u044f\u043d\u043d\u043e\u0435 \u0438\u043c\u0443\u0449\u0435\u0441\u0442\u0432\u043e - VB-Hornburg","robots":{"index":"index","follow":"follow","max-snippet":"max-snippet:-1","max-image-preview":"max-image-preview:large","max-video-preview":"max-video-preview:-1"},"canonical":"https:\/\/vb-bachstein.de\/hornburg\/\u0441\u0435\u0440\u0432\u0438\u0441\/\u0441\u0440\u0435\u0434\u0441\u0442\u0432\u0430\/","og_locale":"ru_RU","og_type":"article","og_title":"Fundsachen - VB-Hornburg","og_description":"DEIN ONLINE-FUNDB\u00dcRO Fundsachen online suchen + einfach abholen! Du hast etwas in einem unserer Busse verloren? Mit unserem Online-Fundb\u00fcro kannst du jederzeit pr\u00fcfen, ob dein Gegenstand bei uns als Fundsache eingegangen ist. Hinweis: Online-Fundb\u00fcro im Wartungsmodus Unser Online-Fundb\u00fcro ist derzeit aufgrund von Wartungsarbeiten vor\u00fcbergehend nicht verf\u00fcgbar.Wir arbeiten mit Hochdruck daran, den Service so schnell wie m\u00f6glich wieder freizuschalten. W\u00e4hrend der Dauer der Wartungsarbeiten kannst du dich telefonisch nach deiner Fundsache erkundigen unter: 05334 9255990 \u00a0Vielen Dank f\u00fcr dein Verst\u00e4ndnis","og_url":"https:\/\/vb-bachstein.de\/hornburg\/\u0441\u0435\u0440\u0432\u0438\u0441\/\u0441\u0440\u0435\u0434\u0441\u0442\u0432\u0430\/","og_site_name":"VB-Hornburg","article_modified_time":"2026-02-11T09:26:09+00:00","twitter_card":"summary_large_image","twitter_misc":{"\u041f\u0440\u0438\u043c\u0435\u0440\u043d\u043e\u0435 \u0432\u0440\u0435\u043c\u044f \u0434\u043b\u044f \u0447\u0442\u0435\u043d\u0438\u044f":"1 \u043c\u0438\u043d\u0443\u0442\u0430"},"schema":{"@context":"https:\/\/schema.org","@graph":[{"@type":"WebPage","@id":"https:\/\/vb-bachstein.de\/hornburg\/service\/fundsachen\/","url":"https:\/\/vb-bachstein.de\/hornburg\/service\/fundsachen\/","name":"\u041f\u043e\u0442\u0435\u0440\u044f\u043d\u043d\u043e\u0435 \u0438\u043c\u0443\u0449\u0435\u0441\u0442\u0432\u043e - VB-Hornburg","isPartOf":{"@id":"https:\/\/vb-bachstein.de\/hornburg\/#website"},"primaryImageOfPage":{"@id":"https:\/\/vb-bachstein.de\/hornburg\/service\/fundsachen\/#primaryimage"},"image":{"@id":"https:\/\/vb-bachstein.de\/hornburg\/service\/fundsachen\/#primaryimage"},"thumbnailUrl":"https:\/\/vb-bachstein.de\/hornburg\/wp-content\/uploads\/sites\/14\/header-subsite_fundsachen.jpg","datePublished":"2026-01-30T08:51:39+00:00","dateModified":"2026-02-11T09:26:09+00:00","breadcrumb":{"@id":"https:\/\/vb-bachstein.de\/hornburg\/service\/fundsachen\/#breadcrumb"},"inLanguage":"ru-RU","potentialAction":[{"@type":"ReadAction","target":["https:\/\/vb-bachstein.de\/hornburg\/service\/fundsachen\/"]}]},{"@type":"ImageObject","inLanguage":"ru-RU","@id":"https:\/\/vb-bachstein.de\/hornburg\/service\/fundsachen\/#primaryimage","url":"https:\/\/vb-bachstein.de\/hornburg\/wp-content\/uploads\/sites\/14\/header-subsite_fundsachen.jpg","contentUrl":"https:\/\/vb-bachstein.de\/hornburg\/wp-content\/uploads\/sites\/14\/header-subsite_fundsachen.jpg"},{"@type":"BreadcrumbList","@id":"https:\/\/vb-bachstein.de\/hornburg\/service\/fundsachen\/#breadcrumb","itemListElement":[{"@type":"ListItem","position":1,"name":"Startseite","item":"https:\/\/vb-bachstein.de\/hornburg\/"},{"@type":"ListItem","position":2,"name":"Service","item":"https:\/\/vb-bachstein.de\/hornburg\/service\/"},{"@type":"ListItem","position":3,"name":"Fundsachen"}]},{"@type":"WebSite","@id":"https:\/\/vb-bachstein.de\/hornburg\/#website","url":"https:\/\/vb-bachstein.de\/hornburg\/","name":"VB-\u0425\u043e\u0440\u043d\u0431\u0443\u0440\u0433","description":"","publisher":{"@id":"https:\/\/vb-bachstein.de\/hornburg\/#organization"},"potentialAction":[{"@type":"SearchAction","target":{"@type":"EntryPoint","urlTemplate":"https:\/\/vb-bachstein.de\/hornburg\/?s={search_term_string}"},"query-input":{"@type":"PropertyValueSpecification","valueRequired":true,"valueName":"search_term_string"}}],"inLanguage":"ru-RU"},{"@type":"Organization","@id":"https:\/\/vb-bachstein.de\/hornburg\/#organization","name":"VB-\u0425\u043e\u0440\u043d\u0431\u0443\u0440\u0433","url":"https:\/\/vb-bachstein.de\/hornburg\/","logo":{"@type":"ImageObject","inLanguage":"ru-RU","@id":"https:\/\/vb-bachstein.de\/hornburg\/#\/schema\/logo\/image\/","url":"https:\/\/vb-bachstein.de\/hornburg\/wp-content\/uploads\/sites\/14\/vb-bachstein_logo.svg","contentUrl":"https:\/\/vb-bachstein.de\/hornburg\/wp-content\/uploads\/sites\/14\/vb-bachstein_logo.svg","caption":"VB-Hornburg"},"image":{"@id":"https:\/\/vb-bachstein.de\/hornburg\/#\/schema\/logo\/image\/"}}]}},"_links":{"self":[{"href":"https:\/\/vb-bachstein.de\/hornburg\/ru\/wp-json\/wp\/v2\/pages\/3427","targetHints":{"allow":["GET"]}}],"collection":[{"href":"https:\/\/vb-bachstein.de\/hornburg\/ru\/wp-json\/wp\/v2\/pages"}],"about":[{"href":"https:\/\/vb-bachstein.de\/hornburg\/ru\/wp-json\/wp\/v2\/types\/page"}],"author":[{"embeddable":true,"href":"https:\/\/vb-bachstein.de\/hornburg\/ru\/wp-json\/wp\/v2\/users\/4"}],"replies":[{"embeddable":true,"href":"https:\/\/vb-bachstein.de\/hornburg\/ru\/wp-json\/wp\/v2\/comments?post=3427"}],"version-history":[{"count":0,"href":"https:\/\/vb-bachstein.de\/hornburg\/ru\/wp-json\/wp\/v2\/pages\/3427\/revisions"}],"up":[{"embeddable":true,"href":"https:\/\/vb-bachstein.de\/hornburg\/ru\/wp-json\/wp\/v2\/pages\/16"}],"wp:featuredmedia":[{"embeddable":true,"href":"https:\/\/vb-bachstein.de\/hornburg\/ru\/wp-json\/"}],"wp:attachment":[{"href":"https:\/\/vb-bachstein.de\/hornburg\/ru\/wp-json\/wp\/v2\/media?parent=3427"}],"curies":[{"name":"wp","href":"https:\/\/api.w.org\/{rel}","templated":true}]}}