{"id":1323,"date":"2024-08-21T15:26:37","date_gmt":"2024-08-21T13:26:37","guid":{"rendered":"https:\/\/vb-bachstein.de\/hornburg\/?page_id=1323"},"modified":"2026-01-19T13:40:25","modified_gmt":"2026-01-19T12:40:25","slug":"%d1%82%d0%b5%d0%ba%d1%83%d1%89%d0%b8%d0%b5-%d0%bd%d0%b5%d0%b8%d1%81%d0%bf%d1%80%d0%b0%d0%b2%d0%bd%d0%be%d1%81%d1%82%d0%b8","status":"publish","type":"page","link":"https:\/\/vb-bachstein.de\/hornburg\/ru\/mobilitaet\/aktuelle-stoerungen\/","title":{"rendered":"\u0422\u0435\u043a\u0443\u0449\u0438\u0435 \u043d\u0435\u0438\u0441\u043f\u0440\u0430\u0432\u043d\u043e\u0441\u0442\u0438"},"content":{"rendered":"<div data-elementor-type=\"wp-page\" data-elementor-id=\"1323\" class=\"elementor elementor-1323\" data-elementor-post-type=\"page\">\n\t\t\t\t\t\t<section class=\"elementor-section elementor-top-section elementor-element elementor-element-10fed1b elementor-section-boxed elementor-section-height-default elementor-section-height-default wpr-particle-no wpr-jarallax-no wpr-parallax-no wpr-sticky-section-no wpr-equal-height-no\" data-id=\"10fed1b\" data-element_type=\"section\" data-e-type=\"section\">\n\t\t\t\t\t\t<div class=\"elementor-container elementor-column-gap-default\">\n\t\t\t\t\t<div class=\"elementor-column elementor-col-50 elementor-top-column elementor-element elementor-element-2b5188d\" data-id=\"2b5188d\" data-element_type=\"column\" data-e-type=\"column\">\n\t\t\t<div class=\"elementor-widget-wrap elementor-element-populated\">\n\t\t\t\t\t\t<div class=\"elementor-element elementor-element-f4b3d55 elementor-widget elementor-widget-heading\" data-id=\"f4b3d55\" data-element_type=\"widget\" data-e-type=\"widget\" data-widget_type=\"heading.default\">\n\t\t\t\t<div class=\"elementor-widget-container\">\n\t\t\t\t\t<h2 class=\"elementor-heading-title elementor-size-default\">\u041d\u0410\u0420\u0423\u0428\u0415\u041d\u0418\u042f \u0422\u041e\u041a\u0410<\/h2>\t\t\t\t<\/div>\n\t\t\t\t<\/div>\n\t\t\t\t\t<\/div>\n\t\t<\/div>\n\t\t\t\t<div class=\"elementor-column elementor-col-50 elementor-top-column elementor-element elementor-element-39db7a1\" data-id=\"39db7a1\" data-element_type=\"column\" data-e-type=\"column\">\n\t\t\t<div class=\"elementor-widget-wrap\">\n\t\t\t\t\t\t\t<\/div>\n\t\t<\/div>\n\t\t\t\t\t<\/div>\n\t\t<\/section>\n\t\t\t\t<section class=\"elementor-section elementor-top-section elementor-element elementor-element-6d96fc2 elementor-section-boxed elementor-section-height-default elementor-section-height-default wpr-particle-no wpr-jarallax-no wpr-parallax-no wpr-sticky-section-no wpr-equal-height-no\" data-id=\"6d96fc2\" data-element_type=\"section\" data-e-type=\"section\">\n\t\t\t\t\t\t<div class=\"elementor-container elementor-column-gap-default\">\n\t\t\t\t\t<div class=\"elementor-column elementor-col-50 elementor-top-column elementor-element elementor-element-9f31d88\" data-id=\"9f31d88\" data-element_type=\"column\" data-e-type=\"column\">\n\t\t\t<div class=\"elementor-widget-wrap elementor-element-populated\">\n\t\t\t\t\t\t<div class=\"elementor-element elementor-element-c9a8eeb elementor-search-form--button-type-text elementor-search-form--skin-classic elementor-widget elementor-widget-search-form\" data-id=\"c9a8eeb\" data-element_type=\"widget\" data-e-type=\"widget\" data-settings=\"{&quot;skin&quot;:&quot;classic&quot;}\" data-widget_type=\"search-form.default\">\n\t\t\t\t<div class=\"elementor-widget-container\">\n\t\t\t\t\t\t\t<search role=\"search\">\n\t\t\t<form class=\"elementor-search-form\" action=\"https:\/\/vb-bachstein.de\/hornburg\/\" method=\"get\" data-trp-original-action=\"https:\/\/vb-bachstein.de\/hornburg\/ru\">\n\t\t\t\t\t\t\t\t\t\t\t\t<div class=\"elementor-search-form__container\">\n\t\t\t\t\t<label class=\"elementor-screen-only\" for=\"elementor-search-form-c9a8eeb\">\u041f\u043e\u0438\u0441\u043a<\/label>\n\n\t\t\t\t\t\n\t\t\t\t\t<input id=\"elementor-search-form-c9a8eeb\" placeholder=\"\u041b\u0438\u043d\u0438\u044f\" class=\"elementor-search-form__input\" type=\"search\" name=\"s\" value=\"\">\n\t\t\t\t\t\n\t\t\t\t\t\t\t\t\t\t\t<button class=\"elementor-search-form__submit\" type=\"submit\" aria-label=\"\u041f\u043e\u0438\u0441\u043a\">\n\t\t\t\t\t\t\t\t\t\t\t\t\t\t\t\u041d\u0410\u0419\u0414\u0418\u0422\u0415 \u0421\u0412\u041e\u042e \u041b\u0418\u041d\u0418\u042e\t\t\t\t\t\t\t\t\t\t\t\t\t<\/button>\n\t\t\t\t\t\n\t\t\t\t\t\t\t\t\t<\/div>\n\t\t\t<input type=\"hidden\" name=\"trp-form-language\" value=\"ru\"\/><\/form>\n\t\t<\/search>\n\t\t\t\t\t\t<\/div>\n\t\t\t\t<\/div>\n\t\t\t\t<div class=\"elementor-element elementor-element-7181967 elementor-widget elementor-widget-spacer\" data-id=\"7181967\" data-element_type=\"widget\" data-e-type=\"widget\" data-widget_type=\"spacer.default\">\n\t\t\t\t<div class=\"elementor-widget-container\">\n\t\t\t\t\t\t\t<div class=\"elementor-spacer\">\n\t\t\t<div class=\"elementor-spacer-inner\"><\/div>\n\t\t<\/div>\n\t\t\t\t\t\t<\/div>\n\t\t\t\t<\/div>\n\t\t\t\t<div class=\"elementor-element elementor-element-b398feb elementor-widget elementor-widget-text-editor\" data-id=\"b398feb\" data-element_type=\"widget\" data-e-type=\"widget\" data-widget_type=\"text-editor.default\">\n\t\t\t\t<div class=\"elementor-widget-container\">\n\t\t\t\t\t\t\t\t\t<p>\u0412\u044b\u0431\u0435\u0440\u0438\u0442\u0435 \u0441\u0432\u043e\u0439 \u0440\u0435\u0433\u0438\u043e\u043d \u0438 \u043f\u043e\u043b\u0443\u0447\u0438\u0442\u0435 \u0432\u0441\u0435 \u0442\u0435\u043a\u0443\u0449\u0438\u0435 \u043e\u0448\u0438\u0431\u043a\u0438.<\/p>\t\t\t\t\t\t\t\t<\/div>\n\t\t\t\t<\/div>\n\t\t\t\t\t<\/div>\n\t\t<\/div>\n\t\t\t\t<div class=\"elementor-column elementor-col-50 elementor-top-column elementor-element elementor-element-82b271b\" data-id=\"82b271b\" data-element_type=\"column\" data-e-type=\"column\">\n\t\t\t<div class=\"elementor-widget-wrap\">\n\t\t\t\t\t\t\t<\/div>\n\t\t<\/div>\n\t\t\t\t\t<\/div>\n\t\t<\/section>\n\t\t<div class=\"elementor-element elementor-element-ccd3c55 e-flex e-con-boxed wpr-particle-no wpr-jarallax-no wpr-parallax-no wpr-sticky-section-no wpr-equal-height-no e-con e-parent\" data-id=\"ccd3c55\" data-element_type=\"container\" data-e-type=\"container\">\n\t\t\t\t\t<div class=\"e-con-inner\">\n\t\t\t\t<div class=\"elementor-element elementor-element-51fc97f elementor-grid-3 elementor-grid-tablet-2 elementor-grid-mobile-1 elementor-posts--thumbnail-top elementor-card-shadow-yes elementor-posts__hover-gradient elementor-widget elementor-widget-posts\" data-id=\"51fc97f\" data-element_type=\"widget\" data-e-type=\"widget\" data-settings=\"{&quot;cards_row_gap&quot;:{&quot;unit&quot;:&quot;px&quot;,&quot;size&quot;:30,&quot;sizes&quot;:[]},&quot;pagination_type&quot;:&quot;load_more_infinite_scroll&quot;,&quot;cards_columns&quot;:&quot;3&quot;,&quot;cards_columns_tablet&quot;:&quot;2&quot;,&quot;cards_columns_mobile&quot;:&quot;1&quot;,&quot;cards_row_gap_tablet&quot;:{&quot;unit&quot;:&quot;px&quot;,&quot;size&quot;:&quot;&quot;,&quot;sizes&quot;:[]},&quot;cards_row_gap_mobile&quot;:{&quot;unit&quot;:&quot;px&quot;,&quot;size&quot;:&quot;&quot;,&quot;sizes&quot;:[]},&quot;load_more_spinner&quot;:{&quot;value&quot;:&quot;fas fa-spinner&quot;,&quot;library&quot;:&quot;fa-solid&quot;}}\" data-widget_type=\"posts.cards\">\n\t\t\t\t<div class=\"elementor-widget-container\">\n\t\t\t\t\t<div id=\"news\" class=\"filter-buttons\">\n        <div class=\"elementor-element elementor-widget elementor-widget-button\">\r\n            <div class=\"elementor-widget-container\">\r\n                <div class=\"elementor-button-wrapper\">\r\n                    <a href=\"https:\/\/vb-bachstein.de\/hornburg\/ru\/mobilitaet\/aktuelle-stoerungen\/?term=fahrplanabweichungen&scroll-into=news\"\r\n                       class=\"elementor-button-link elementor-button elementor-size-sm\"\r\n                       >\r\n                        <span class=\"elementor-button-content-wrapper\">\r\n                            <span class=\"elementor-button-text\">\u041e\u0442\u043a\u043b\u043e\u043d\u0435\u043d\u0438\u044f \u043e\u0442 \u0440\u0430\u0441\u043f\u0438\u0441\u0430\u043d\u0438\u044f<\/span>\r\n                        <\/span>\r\n                    <\/a>\r\n                <\/div>\r\n            <\/div>\r\n        <\/div>\r\n    <\/div>\n\t\t\t\t<\/div>\n\t\t\t\t<\/div>\n\t\t\t\t\t<\/div>\n\t\t\t\t<\/div>\n\t\t<div class=\"elementor-element elementor-element-b774eb7 e-flex e-con-boxed wpr-particle-no wpr-jarallax-no wpr-parallax-no wpr-sticky-section-no wpr-equal-height-no e-con e-parent\" data-id=\"b774eb7\" data-element_type=\"container\" data-e-type=\"container\">\n\t\t\t\t\t<div class=\"e-con-inner\">\n\t\t\t\t<div class=\"elementor-element elementor-element-cca8ff5 elementor-widget elementor-widget-spacer\" data-id=\"cca8ff5\" data-element_type=\"widget\" data-e-type=\"widget\" data-widget_type=\"spacer.default\">\n\t\t\t\t<div class=\"elementor-widget-container\">\n\t\t\t\t\t\t\t<div class=\"elementor-spacer\">\n\t\t\t<div class=\"elementor-spacer-inner\"><\/div>\n\t\t<\/div>\n\t\t\t\t\t\t<\/div>\n\t\t\t\t<\/div>\n\t\t\t\t\t<\/div>\n\t\t\t\t<\/div>\n\t\t\t\t<\/div>","protected":false},"excerpt":{"rendered":"<p>\u0422\u0415\u041a\u0423\u0429\u0418\u0415 \u0421\u0411\u041e\u0418 \u0412\u044b\u0431\u0435\u0440\u0438\u0442\u0435 \u0441\u0432\u043e\u0439 \u0440\u0435\u0433\u0438\u043e\u043d \u0441\u0435\u0439\u0447\u0430\u0441 \u0438 \u043f\u043e\u043b\u0443\u0447\u0438\u0442\u0435 \u0432\u0441\u0435 \u0442\u0435\u043a\u0443\u0449\u0438\u0435 \u0441\u0431\u043e\u0438.<\/p>","protected":false},"author":1,"featured_media":4083,"parent":408,"menu_order":8,"comment_status":"closed","ping_status":"closed","template":"","meta":{"footnotes":""},"class_list":["post-1323","page","type-page","status-publish","has-post-thumbnail","hentry"],"yoast_head":"<!-- This site is optimized with the Yoast SEO plugin v27.4 - https:\/\/yoast.com\/product\/yoast-seo-wordpress\/ -->\n<title>Aktuelle St\u00f6rungen - VB-Hornburg<\/title>\n<meta name=\"robots\" content=\"index, follow, max-snippet:-1, max-image-preview:large, max-video-preview:-1\" \/>\n<link rel=\"canonical\" href=\"https:\/\/vb-bachstein.de\/hornburg\/\u043c\u043e\u0431\u0438\u043b\u044c\u043d\u043e\u0441\u0442\u044c\/\u0442\u0435\u043a\u0443\u0449\u0438\u0435-\u043d\u0435\u0438\u0441\u043f\u0440\u0430\u0432\u043d\u043e\u0441\u0442\u0438\/\" \/>\n<meta property=\"og:locale\" content=\"ru_RU\" \/>\n<meta property=\"og:type\" content=\"article\" \/>\n<meta property=\"og:title\" content=\"Aktuelle St\u00f6rungen - VB-Hornburg\" \/>\n<meta property=\"og:description\" content=\"AKTUELLE ST\u00d6RUNGEN W\u00e4hle jetzt deine Region und erhalte alle aktuellen St\u00f6rungen.\" \/>\n<meta property=\"og:url\" content=\"https:\/\/vb-bachstein.de\/hornburg\/\u043c\u043e\u0431\u0438\u043b\u044c\u043d\u043e\u0441\u0442\u044c\/\u0442\u0435\u043a\u0443\u0449\u0438\u0435-\u043d\u0435\u0438\u0441\u043f\u0440\u0430\u0432\u043d\u043e\u0441\u0442\u0438\/\" \/>\n<meta property=\"og:site_name\" content=\"VB-Hornburg\" \/>\n<meta property=\"article:modified_time\" content=\"2026-01-19T12:40:25+00:00\" \/>\n<meta name=\"twitter:card\" content=\"summary_large_image\" \/>\n<meta name=\"twitter:label1\" content=\"\u041f\u0440\u0438\u043c\u0435\u0440\u043d\u043e\u0435 \u0432\u0440\u0435\u043c\u044f \u0434\u043b\u044f \u0447\u0442\u0435\u043d\u0438\u044f\" \/>\n\t<meta name=\"twitter:data1\" content=\"1 \u043c\u0438\u043d\u0443\u0442\u0430\" \/>\n<script type=\"application\/ld+json\" class=\"yoast-schema-graph\">{\"@context\":\"https:\\\/\\\/schema.org\",\"@graph\":[{\"@type\":\"WebPage\",\"@id\":\"https:\\\/\\\/vb-bachstein.de\\\/hornburg\\\/mobilitaet\\\/aktuelle-stoerungen\\\/\",\"url\":\"https:\\\/\\\/vb-bachstein.de\\\/hornburg\\\/mobilitaet\\\/aktuelle-stoerungen\\\/\",\"name\":\"Aktuelle St\u00f6rungen - VB-Hornburg\",\"isPartOf\":{\"@id\":\"https:\\\/\\\/vb-bachstein.de\\\/hornburg\\\/#website\"},\"primaryImageOfPage\":{\"@id\":\"https:\\\/\\\/vb-bachstein.de\\\/hornburg\\\/mobilitaet\\\/aktuelle-stoerungen\\\/#primaryimage\"},\"image\":{\"@id\":\"https:\\\/\\\/vb-bachstein.de\\\/hornburg\\\/mobilitaet\\\/aktuelle-stoerungen\\\/#primaryimage\"},\"thumbnailUrl\":\"https:\\\/\\\/vb-bachstein.de\\\/hornburg\\\/wp-content\\\/uploads\\\/sites\\\/14\\\/header-subsites_vb-2.jpg\",\"datePublished\":\"2024-08-21T13:26:37+00:00\",\"dateModified\":\"2026-01-19T12:40:25+00:00\",\"breadcrumb\":{\"@id\":\"https:\\\/\\\/vb-bachstein.de\\\/hornburg\\\/mobilitaet\\\/aktuelle-stoerungen\\\/#breadcrumb\"},\"inLanguage\":\"ru-RU\",\"potentialAction\":[{\"@type\":\"ReadAction\",\"target\":[\"https:\\\/\\\/vb-bachstein.de\\\/hornburg\\\/mobilitaet\\\/aktuelle-stoerungen\\\/\"]}]},{\"@type\":\"ImageObject\",\"inLanguage\":\"ru-RU\",\"@id\":\"https:\\\/\\\/vb-bachstein.de\\\/hornburg\\\/mobilitaet\\\/aktuelle-stoerungen\\\/#primaryimage\",\"url\":\"https:\\\/\\\/vb-bachstein.de\\\/hornburg\\\/wp-content\\\/uploads\\\/sites\\\/14\\\/header-subsites_vb-2.jpg\",\"contentUrl\":\"https:\\\/\\\/vb-bachstein.de\\\/hornburg\\\/wp-content\\\/uploads\\\/sites\\\/14\\\/header-subsites_vb-2.jpg\"},{\"@type\":\"BreadcrumbList\",\"@id\":\"https:\\\/\\\/vb-bachstein.de\\\/hornburg\\\/mobilitaet\\\/aktuelle-stoerungen\\\/#breadcrumb\",\"itemListElement\":[{\"@type\":\"ListItem\",\"position\":1,\"name\":\"Startseite\",\"item\":\"https:\\\/\\\/vb-bachstein.de\\\/hornburg\\\/\"},{\"@type\":\"ListItem\",\"position\":2,\"name\":\"Mobilit\u00e4t\",\"item\":\"https:\\\/\\\/vb-bachstein.de\\\/hornburg\\\/mobilitaet\\\/\"},{\"@type\":\"ListItem\",\"position\":3,\"name\":\"Aktuelle St\u00f6rungen\"}]},{\"@type\":\"WebSite\",\"@id\":\"https:\\\/\\\/vb-bachstein.de\\\/hornburg\\\/#website\",\"url\":\"https:\\\/\\\/vb-bachstein.de\\\/hornburg\\\/\",\"name\":\"VB-Hornburg\",\"description\":\"\",\"publisher\":{\"@id\":\"https:\\\/\\\/vb-bachstein.de\\\/hornburg\\\/#organization\"},\"potentialAction\":[{\"@type\":\"SearchAction\",\"target\":{\"@type\":\"EntryPoint\",\"urlTemplate\":\"https:\\\/\\\/vb-bachstein.de\\\/hornburg\\\/?s={search_term_string}\"},\"query-input\":{\"@type\":\"PropertyValueSpecification\",\"valueRequired\":true,\"valueName\":\"search_term_string\"}}],\"inLanguage\":\"ru-RU\"},{\"@type\":\"Organization\",\"@id\":\"https:\\\/\\\/vb-bachstein.de\\\/hornburg\\\/#organization\",\"name\":\"VB-Hornburg\",\"url\":\"https:\\\/\\\/vb-bachstein.de\\\/hornburg\\\/\",\"logo\":{\"@type\":\"ImageObject\",\"inLanguage\":\"ru-RU\",\"@id\":\"https:\\\/\\\/vb-bachstein.de\\\/hornburg\\\/#\\\/schema\\\/logo\\\/image\\\/\",\"url\":\"https:\\\/\\\/vb-bachstein.de\\\/hornburg\\\/wp-content\\\/uploads\\\/sites\\\/14\\\/vb-bachstein_logo.svg\",\"contentUrl\":\"https:\\\/\\\/vb-bachstein.de\\\/hornburg\\\/wp-content\\\/uploads\\\/sites\\\/14\\\/vb-bachstein_logo.svg\",\"caption\":\"VB-Hornburg\"},\"image\":{\"@id\":\"https:\\\/\\\/vb-bachstein.de\\\/hornburg\\\/#\\\/schema\\\/logo\\\/image\\\/\"}}]}<\/script>\n<!-- \/ Yoast SEO plugin. -->","yoast_head_json":{"title":"\u0422\u0435\u043a\u0443\u0449\u0438\u0435 \u043d\u0435\u0438\u0441\u043f\u0440\u0430\u0432\u043d\u043e\u0441\u0442\u0438 - VB-\u0425\u043e\u0440\u043d\u0431\u0443\u0440\u0433","robots":{"index":"index","follow":"follow","max-snippet":"max-snippet:-1","max-image-preview":"max-image-preview:large","max-video-preview":"max-video-preview:-1"},"canonical":"https:\/\/vb-bachstein.de\/hornburg\/\u043c\u043e\u0431\u0438\u043b\u044c\u043d\u043e\u0441\u0442\u044c\/\u0442\u0435\u043a\u0443\u0449\u0438\u0435-\u043d\u0435\u0438\u0441\u043f\u0440\u0430\u0432\u043d\u043e\u0441\u0442\u0438\/","og_locale":"ru_RU","og_type":"article","og_title":"Aktuelle St\u00f6rungen - VB-Hornburg","og_description":"AKTUELLE ST\u00d6RUNGEN W\u00e4hle jetzt deine Region und erhalte alle aktuellen St\u00f6rungen.","og_url":"https:\/\/vb-bachstein.de\/hornburg\/\u043c\u043e\u0431\u0438\u043b\u044c\u043d\u043e\u0441\u0442\u044c\/\u0442\u0435\u043a\u0443\u0449\u0438\u0435-\u043d\u0435\u0438\u0441\u043f\u0440\u0430\u0432\u043d\u043e\u0441\u0442\u0438\/","og_site_name":"VB-Hornburg","article_modified_time":"2026-01-19T12:40:25+00:00","twitter_card":"summary_large_image","twitter_misc":{"\u041f\u0440\u0438\u043c\u0435\u0440\u043d\u043e\u0435 \u0432\u0440\u0435\u043c\u044f \u0434\u043b\u044f \u0447\u0442\u0435\u043d\u0438\u044f":"1 \u043c\u0438\u043d\u0443\u0442\u0430"},"schema":{"@context":"https:\/\/schema.org","@graph":[{"@type":"WebPage","@id":"https:\/\/vb-bachstein.de\/hornburg\/mobilitaet\/aktuelle-stoerungen\/","url":"https:\/\/vb-bachstein.de\/hornburg\/mobilitaet\/aktuelle-stoerungen\/","name":"\u0422\u0435\u043a\u0443\u0449\u0438\u0435 \u043d\u0435\u0438\u0441\u043f\u0440\u0430\u0432\u043d\u043e\u0441\u0442\u0438 - VB-\u0425\u043e\u0440\u043d\u0431\u0443\u0440\u0433","isPartOf":{"@id":"https:\/\/vb-bachstein.de\/hornburg\/#website"},"primaryImageOfPage":{"@id":"https:\/\/vb-bachstein.de\/hornburg\/mobilitaet\/aktuelle-stoerungen\/#primaryimage"},"image":{"@id":"https:\/\/vb-bachstein.de\/hornburg\/mobilitaet\/aktuelle-stoerungen\/#primaryimage"},"thumbnailUrl":"https:\/\/vb-bachstein.de\/hornburg\/wp-content\/uploads\/sites\/14\/header-subsites_vb-2.jpg","datePublished":"2024-08-21T13:26:37+00:00","dateModified":"2026-01-19T12:40:25+00:00","breadcrumb":{"@id":"https:\/\/vb-bachstein.de\/hornburg\/mobilitaet\/aktuelle-stoerungen\/#breadcrumb"},"inLanguage":"ru-RU","potentialAction":[{"@type":"ReadAction","target":["https:\/\/vb-bachstein.de\/hornburg\/mobilitaet\/aktuelle-stoerungen\/"]}]},{"@type":"ImageObject","inLanguage":"ru-RU","@id":"https:\/\/vb-bachstein.de\/hornburg\/mobilitaet\/aktuelle-stoerungen\/#primaryimage","url":"https:\/\/vb-bachstein.de\/hornburg\/wp-content\/uploads\/sites\/14\/header-subsites_vb-2.jpg","contentUrl":"https:\/\/vb-bachstein.de\/hornburg\/wp-content\/uploads\/sites\/14\/header-subsites_vb-2.jpg"},{"@type":"BreadcrumbList","@id":"https:\/\/vb-bachstein.de\/hornburg\/mobilitaet\/aktuelle-stoerungen\/#breadcrumb","itemListElement":[{"@type":"ListItem","position":1,"name":"Startseite","item":"https:\/\/vb-bachstein.de\/hornburg\/"},{"@type":"ListItem","position":2,"name":"Mobilit\u00e4t","item":"https:\/\/vb-bachstein.de\/hornburg\/mobilitaet\/"},{"@type":"ListItem","position":3,"name":"Aktuelle St\u00f6rungen"}]},{"@type":"WebSite","@id":"https:\/\/vb-bachstein.de\/hornburg\/#website","url":"https:\/\/vb-bachstein.de\/hornburg\/","name":"VB-\u0425\u043e\u0440\u043d\u0431\u0443\u0440\u0433","description":"","publisher":{"@id":"https:\/\/vb-bachstein.de\/hornburg\/#organization"},"potentialAction":[{"@type":"SearchAction","target":{"@type":"EntryPoint","urlTemplate":"https:\/\/vb-bachstein.de\/hornburg\/?s={search_term_string}"},"query-input":{"@type":"PropertyValueSpecification","valueRequired":true,"valueName":"search_term_string"}}],"inLanguage":"ru-RU"},{"@type":"Organization","@id":"https:\/\/vb-bachstein.de\/hornburg\/#organization","name":"VB-\u0425\u043e\u0440\u043d\u0431\u0443\u0440\u0433","url":"https:\/\/vb-bachstein.de\/hornburg\/","logo":{"@type":"ImageObject","inLanguage":"ru-RU","@id":"https:\/\/vb-bachstein.de\/hornburg\/#\/schema\/logo\/image\/","url":"https:\/\/vb-bachstein.de\/hornburg\/wp-content\/uploads\/sites\/14\/vb-bachstein_logo.svg","contentUrl":"https:\/\/vb-bachstein.de\/hornburg\/wp-content\/uploads\/sites\/14\/vb-bachstein_logo.svg","caption":"VB-Hornburg"},"image":{"@id":"https:\/\/vb-bachstein.de\/hornburg\/#\/schema\/logo\/image\/"}}]}},"_links":{"self":[{"href":"https:\/\/vb-bachstein.de\/hornburg\/ru\/wp-json\/wp\/v2\/pages\/1323","targetHints":{"allow":["GET"]}}],"collection":[{"href":"https:\/\/vb-bachstein.de\/hornburg\/ru\/wp-json\/wp\/v2\/pages"}],"about":[{"href":"https:\/\/vb-bachstein.de\/hornburg\/ru\/wp-json\/wp\/v2\/types\/page"}],"author":[{"embeddable":true,"href":"https:\/\/vb-bachstein.de\/hornburg\/ru\/wp-json\/wp\/v2\/users\/1"}],"replies":[{"embeddable":true,"href":"https:\/\/vb-bachstein.de\/hornburg\/ru\/wp-json\/wp\/v2\/comments?post=1323"}],"version-history":[{"count":0,"href":"https:\/\/vb-bachstein.de\/hornburg\/ru\/wp-json\/wp\/v2\/pages\/1323\/revisions"}],"up":[{"embeddable":true,"href":"https:\/\/vb-bachstein.de\/hornburg\/ru\/wp-json\/wp\/v2\/pages\/408"}],"wp:featuredmedia":[{"embeddable":true,"href":"https:\/\/vb-bachstein.de\/hornburg\/ru\/wp-json\/"}],"wp:attachment":[{"href":"https:\/\/vb-bachstein.de\/hornburg\/ru\/wp-json\/wp\/v2\/media?parent=1323"}],"curies":[{"name":"wp","href":"https:\/\/api.w.org\/{rel}","templated":true}]}}