{"id":3242,"date":"2025-10-14T15:17:03","date_gmt":"2025-10-14T13:17:03","guid":{"rendered":"https:\/\/vb-bachstein.de\/hornburg\/?page_id=3242"},"modified":"2026-01-19T13:47:54","modified_gmt":"2026-01-19T12:47:54","slug":"imprimir","status":"publish","type":"page","link":"https:\/\/vb-bachstein.de\/hornburg\/es\/impressum\/","title":{"rendered":"Pie de imprenta"},"content":{"rendered":"<div data-elementor-type=\"wp-page\" data-elementor-id=\"3242\" class=\"elementor elementor-3242\" data-elementor-post-type=\"page\">\n\t\t\t\t<div class=\"elementor-element elementor-element-5f39bd8 e-flex e-con-boxed wpr-particle-no wpr-jarallax-no wpr-parallax-no wpr-sticky-section-no wpr-equal-height-no e-con e-parent\" data-id=\"5f39bd8\" data-element_type=\"container\" data-e-type=\"container\">\n\t\t\t\t\t<div class=\"e-con-inner\">\n\t\t\t\t<div class=\"elementor-element elementor-element-cce5285 elementor-widget elementor-widget-shortcode\" data-id=\"cce5285\" data-element_type=\"widget\" data-e-type=\"widget\" data-widget_type=\"shortcode.default\">\n\t\t\t\t<div class=\"elementor-widget-container\">\n\t\t\t\t\t\t\t<div class=\"elementor-shortcode\"><style>.elementor-1937 .elementor-element.elementor-element-5c21956{--display:flex;--flex-direction:row;--container-widget-width:initial;--container-widget-height:100%;--container-widget-flex-grow:1;--container-widget-align-self:stretch;--flex-wrap-mobile:wrap;--gap:0px 0px;--row-gap:0px;--column-gap:0px;}.elementor-1937 .elementor-element.elementor-element-5c21956.e-con{--flex-grow:0;--flex-shrink:0;}.elementor-1937 .elementor-element.elementor-element-70f0c0e{--display:flex;--flex-direction:column;--container-widget-width:100%;--container-widget-height:initial;--container-widget-flex-grow:0;--container-widget-align-self:initial;--flex-wrap-mobile:wrap;--margin-top:0px;--margin-bottom:0px;--margin-left:-15px;--margin-right:0px;}.elementor-1937 .elementor-element.elementor-element-83b9976{--display:flex;--flex-direction:row;--container-widget-width:initial;--container-widget-height:100%;--container-widget-flex-grow:1;--container-widget-align-self:stretch;--flex-wrap-mobile:wrap;--gap:0px 0px;--row-gap:0px;--column-gap:0px;}.elementor-1937 .elementor-element.elementor-element-6bb05a8{--display:flex;--flex-direction:column;--container-widget-width:100%;--container-widget-height:initial;--container-widget-flex-grow:0;--container-widget-align-self:initial;--flex-wrap-mobile:wrap;--padding-top:0px;--padding-bottom:0px;--padding-left:0px;--padding-right:0px;}.elementor-1937 .elementor-element.elementor-element-6bb05a8.e-con{--flex-grow:0;--flex-shrink:0;}.elementor-1937 .elementor-element.elementor-element-c36a01e{font-family:\"Roboto\", Sans-serif;font-size:1.5rem;font-weight:300;line-height:1.5em;color:var( --e-global-color-sec_primary );}.elementor-1937 .elementor-element.elementor-element-1f99a20 .elementor-icon-list-items:not(.elementor-inline-items) .elementor-icon-list-item:not(:last-child){padding-block-end:calc(10px\/2);}.elementor-1937 .elementor-element.elementor-element-1f99a20 .elementor-icon-list-items:not(.elementor-inline-items) .elementor-icon-list-item:not(:first-child){margin-block-start:calc(10px\/2);}.elementor-1937 .elementor-element.elementor-element-1f99a20 .elementor-icon-list-items.elementor-inline-items .elementor-icon-list-item{margin-inline:calc(10px\/2);}.elementor-1937 .elementor-element.elementor-element-1f99a20 .elementor-icon-list-items.elementor-inline-items{margin-inline:calc(-10px\/2);}.elementor-1937 .elementor-element.elementor-element-1f99a20 .elementor-icon-list-items.elementor-inline-items .elementor-icon-list-item:after{inset-inline-end:calc(-10px\/2);}.elementor-1937 .elementor-element.elementor-element-1f99a20 .elementor-icon-list-icon i{color:var( --e-global-color-sec_primary );transition:color 0.3s;}.elementor-1937 .elementor-element.elementor-element-1f99a20 .elementor-icon-list-icon svg{fill:var( --e-global-color-sec_primary );transition:fill 0.3s;}.elementor-1937 .elementor-element.elementor-element-1f99a20{--e-icon-list-icon-size:20px;--icon-vertical-offset:0px;}.elementor-1937 .elementor-element.elementor-element-1f99a20 .elementor-icon-list-icon{padding-inline-end:10px;}.elementor-1937 .elementor-element.elementor-element-1f99a20 .elementor-icon-list-item > .elementor-icon-list-text, .elementor-1937 .elementor-element.elementor-element-1f99a20 .elementor-icon-list-item > a{font-family:\"Roboto\", Sans-serif;font-size:1.25rem;font-weight:500;line-height:1.2em;}.elementor-1937 .elementor-element.elementor-element-1f99a20 .elementor-icon-list-text{color:var( --e-global-color-sec_primary );transition:color 0.3s;}.elementor-1937 .elementor-element.elementor-element-1f99a20 > .elementor-widget-container{margin:-25px 0px 0px 0px;}.elementor-1937 .elementor-element.elementor-element-f17e87d{--display:flex;--flex-direction:row;--container-widget-width:calc( ( 1 - var( --container-widget-flex-grow ) ) * 100% );--container-widget-height:100%;--container-widget-flex-grow:1;--container-widget-align-self:stretch;--flex-wrap-mobile:wrap;--align-items:stretch;--gap:10px 10px;--row-gap:10px;--column-gap:10px;--margin-top:0px;--margin-bottom:100px;--margin-left:0px;--margin-right:0px;}.elementor-1937 .elementor-element.elementor-element-e0d8678{--display:flex;--gap:20px 0px;--row-gap:20px;--column-gap:0px;--padding-top:0px;--padding-bottom:0px;--padding-left:0px;--padding-right:0px;}.elementor-1937 .elementor-element.elementor-element-9a45da6{--display:flex;--gap:5px 0px;--row-gap:5px;--column-gap:0px;--padding-top:0px;--padding-bottom:0px;--padding-left:0px;--padding-right:0px;}.elementor-1937 .elementor-element.elementor-element-3f4dcda .elementor-icon-list-items:not(.elementor-inline-items) .elementor-icon-list-item:not(:last-child){padding-block-end:calc(10px\/2);}.elementor-1937 .elementor-element.elementor-element-3f4dcda .elementor-icon-list-items:not(.elementor-inline-items) .elementor-icon-list-item:not(:first-child){margin-block-start:calc(10px\/2);}.elementor-1937 .elementor-element.elementor-element-3f4dcda .elementor-icon-list-items.elementor-inline-items .elementor-icon-list-item{margin-inline:calc(10px\/2);}.elementor-1937 .elementor-element.elementor-element-3f4dcda .elementor-icon-list-items.elementor-inline-items{margin-inline:calc(-10px\/2);}.elementor-1937 .elementor-element.elementor-element-3f4dcda .elementor-icon-list-items.elementor-inline-items .elementor-icon-list-item:after{inset-inline-end:calc(-10px\/2);}.elementor-1937 .elementor-element.elementor-element-3f4dcda .elementor-icon-list-icon i{color:var( --e-global-color-sec_primary );transition:color 0.3s;}.elementor-1937 .elementor-element.elementor-element-3f4dcda .elementor-icon-list-icon svg{fill:var( --e-global-color-sec_primary );transition:fill 0.3s;}.elementor-1937 .elementor-element.elementor-element-3f4dcda{--e-icon-list-icon-size:20px;--icon-vertical-offset:0px;}.elementor-1937 .elementor-element.elementor-element-3f4dcda .elementor-icon-list-icon{padding-inline-end:10px;}.elementor-1937 .elementor-element.elementor-element-3f4dcda .elementor-icon-list-item > .elementor-icon-list-text, .elementor-1937 .elementor-element.elementor-element-3f4dcda .elementor-icon-list-item > a{font-family:\"Roboto\", Sans-serif;font-size:1.25rem;font-weight:500;line-height:1.2em;}.elementor-1937 .elementor-element.elementor-element-3f4dcda .elementor-icon-list-text{color:var( --e-global-color-sec_primary );transition:color 0.3s;}.elementor-1937 .elementor-element.elementor-element-3f4dcda > .elementor-widget-container{margin:0px 0px 0px 0px;}@media(max-width:767px){.elementor-1937 .elementor-element.elementor-element-1f99a20{--e-icon-list-icon-size:16px;}.elementor-1937 .elementor-element.elementor-element-1f99a20 .elementor-icon-list-item > .elementor-icon-list-text, .elementor-1937 .elementor-element.elementor-element-1f99a20 .elementor-icon-list-item > a{font-size:1rem;}.elementor-1937 .elementor-element.elementor-element-1f99a20 > .elementor-widget-container{margin:20px 0px 0px 0px;}.elementor-1937 .elementor-element.elementor-element-3f4dcda{--e-icon-list-icon-size:16px;}.elementor-1937 .elementor-element.elementor-element-3f4dcda .elementor-icon-list-item > .elementor-icon-list-text, .elementor-1937 .elementor-element.elementor-element-3f4dcda .elementor-icon-list-item > a{font-size:1rem;}.elementor-1937 .elementor-element.elementor-element-3f4dcda > .elementor-widget-container{margin:20px 0px 0px 0px;}}@media(min-width:768px){.elementor-1937 .elementor-element.elementor-element-5c21956{--width:99.452%;}.elementor-1937 .elementor-element.elementor-element-70f0c0e{--width:50%;}.elementor-1937 .elementor-element.elementor-element-6bb05a8{--width:100.833%;}}<\/style>\t\t<div data-elementor-type=\"wp-page\" data-elementor-id=\"1937\" class=\"elementor elementor-1937\" data-elementor-post-type=\"page\">\n\t\t\t\t<div class=\"elementor-element elementor-element-5c21956 e-con-full e-flex wpr-particle-no wpr-jarallax-no wpr-parallax-no wpr-sticky-section-no wpr-equal-height-no e-con e-parent\" data-id=\"5c21956\" data-element_type=\"container\" data-e-type=\"container\">\n\t\t<div class=\"elementor-element elementor-element-70f0c0e e-con-full e-flex wpr-particle-no wpr-jarallax-no wpr-parallax-no wpr-sticky-section-no wpr-equal-height-no e-con e-child\" data-id=\"70f0c0e\" data-element_type=\"container\" data-e-type=\"container\">\n\t\t\t\t<div class=\"elementor-element elementor-element-483b16b elementor-widget elementor-widget-heading\" data-id=\"483b16b\" data-element_type=\"widget\" data-e-type=\"widget\" data-widget_type=\"heading.default\">\n\t\t\t\t<div class=\"elementor-widget-container\">\n\t\t\t\t\t<h2 class=\"elementor-heading-title elementor-size-default\">IMPRIMIR<\/h2>\t\t\t\t<\/div>\n\t\t\t\t<\/div>\n\t\t\t\t<\/div>\n\t\t\t\t<\/div>\n\t\t<div class=\"elementor-element elementor-element-83b9976 e-flex e-con-boxed wpr-particle-no wpr-jarallax-no wpr-parallax-no wpr-sticky-section-no wpr-equal-height-no e-con e-parent\" data-id=\"83b9976\" data-element_type=\"container\" data-e-type=\"container\">\n\t\t\t\t\t<div class=\"e-con-inner\">\n\t\t<div class=\"elementor-element elementor-element-6bb05a8 e-con-full e-flex wpr-particle-no wpr-jarallax-no wpr-parallax-no wpr-sticky-section-no wpr-equal-height-no e-con e-child\" data-id=\"6bb05a8\" data-element_type=\"container\" data-e-type=\"container\">\n\t\t\t\t<div class=\"elementor-element elementor-element-c36a01e mb-1 elementor-widget elementor-widget-text-editor\" data-id=\"c36a01e\" data-element_type=\"widget\" data-e-type=\"widget\" data-widget_type=\"text-editor.default\">\n\t\t\t\t<div class=\"elementor-widget-container\">\n\t\t\t\t\t\t\t\t\t<h4>Verkehrsbetriebe Bachstein GmbH<\/h4><p>Calle Nienburger 50<br \/>29225 Celle<\/p>\t\t\t\t\t\t\t\t<\/div>\n\t\t\t\t<\/div>\n\t\t\t\t<div class=\"elementor-element elementor-element-1f99a20 elementor-align-start elementor-list-item-link-inline elementor-mobile-align-start elementor-icon-list--layout-traditional elementor-widget elementor-widget-icon-list\" data-id=\"1f99a20\" data-element_type=\"widget\" data-e-type=\"widget\" data-widget_type=\"icon-list.default\">\n\t\t\t\t<div class=\"elementor-widget-container\">\n\t\t\t\t\t\t\t<ul class=\"elementor-icon-list-items\">\n\t\t\t\t\t\t\t<li class=\"elementor-icon-list-item\">\n\t\t\t\t\t\t\t\t\t\t\t<a href=\"tel:051414870850\">\n\n\t\t\t\t\t\t\t\t\t\t\t\t<span class=\"elementor-icon-list-icon\">\n\t\t\t\t\t\t\t<i aria-hidden=\"true\" class=\"fas fa-phone-alt\"><\/i>\t\t\t\t\t\t<\/span>\n\t\t\t\t\t\t\t\t\t\t<span class=\"elementor-icon-list-text\">05141 48708-50<\/span>\n\t\t\t\t\t\t\t\t\t\t\t<\/a>\n\t\t\t\t\t\t\t\t\t<\/li>\n\t\t\t\t\t\t\t\t<li class=\"elementor-icon-list-item\">\n\t\t\t\t\t\t\t\t\t\t\t<a href=\"fax:051414870879\">\n\n\t\t\t\t\t\t\t\t\t\t\t\t<span class=\"elementor-icon-list-icon\">\n\t\t\t\t\t\t\t<i aria-hidden=\"true\" class=\"fas fa-fax\"><\/i>\t\t\t\t\t\t<\/span>\n\t\t\t\t\t\t\t\t\t\t<span class=\"elementor-icon-list-text\">05141 48708-79<\/span>\n\t\t\t\t\t\t\t\t\t\t\t<\/a>\n\t\t\t\t\t\t\t\t\t<\/li>\n\t\t\t\t\t\t\t\t<li class=\"elementor-icon-list-item\">\n\t\t\t\t\t\t\t\t\t\t\t<a href=\"mailto:info@vb-bachstein.de\">\n\n\t\t\t\t\t\t\t\t\t\t\t\t<span class=\"elementor-icon-list-icon\">\n\t\t\t\t\t\t\t<i aria-hidden=\"true\" class=\"fas fa-paper-plane\"><\/i>\t\t\t\t\t\t<\/span>\n\t\t\t\t\t\t\t\t\t\t<span class=\"elementor-icon-list-text\">info@vb-bachstein.de<\/span>\n\t\t\t\t\t\t\t\t\t\t\t<\/a>\n\t\t\t\t\t\t\t\t\t<\/li>\n\t\t\t\t\t\t<\/ul>\n\t\t\t\t\t\t<\/div>\n\t\t\t\t<\/div>\n\t\t\t\t<div class=\"elementor-element elementor-element-7d871e1 elementor-widget elementor-widget-text-editor\" data-id=\"7d871e1\" data-element_type=\"widget\" data-e-type=\"widget\" data-widget_type=\"text-editor.default\">\n\t\t\t\t<div class=\"elementor-widget-container\">\n\t\t\t\t\t\t\t\t\t<p><strong>Gesti\u00f3n<\/strong><br \/>Dipl.-Kfm. Jan Behrendt, Economista de empresa (VWA) Michael Fastert<\/p><p><strong>Inscripci\u00f3n en el registro mercantil<\/strong><br \/>Juzgado de primera instancia de L\u00fcneburg, HRB 101634<\/p><p><strong>N\u00famero de identificaci\u00f3n fiscal<\/strong><br \/>DE115115955<\/p>\t\t\t\t\t\t\t\t<\/div>\n\t\t\t\t<\/div>\n\t\t\t\t<\/div>\n\t\t\t\t\t<\/div>\n\t\t\t\t<\/div>\n\t\t<div class=\"elementor-element elementor-element-f17e87d margin-left-0 e-flex e-con-boxed wpr-particle-no wpr-jarallax-no wpr-parallax-no wpr-sticky-section-no wpr-equal-height-no e-con e-parent\" data-id=\"f17e87d\" data-element_type=\"container\" data-e-type=\"container\">\n\t\t\t\t\t<div class=\"e-con-inner\">\n\t\t<div class=\"elementor-element elementor-element-e0d8678 e-con-full e-flex wpr-particle-no wpr-jarallax-no wpr-parallax-no wpr-sticky-section-no wpr-equal-height-no e-con e-child\" data-id=\"e0d8678\" data-element_type=\"container\" data-e-type=\"container\">\n\t\t<div class=\"elementor-element elementor-element-9a45da6 e-con-full e-flex wpr-particle-no wpr-jarallax-no wpr-parallax-no wpr-sticky-section-no wpr-equal-height-no e-con e-child\" data-id=\"9a45da6\" data-element_type=\"container\" data-e-type=\"container\">\n\t\t\t\t<div class=\"elementor-element elementor-element-0ecbc17 kvg-mb-0 elementor-widget elementor-widget-text-editor\" data-id=\"0ecbc17\" data-element_type=\"widget\" data-e-type=\"widget\" data-widget_type=\"text-editor.default\">\n\t\t\t\t<div class=\"elementor-widget-container\">\n\t\t\t\t\t\t\t\t\t<p><strong>Redacci\u00f3n<br \/><\/strong>Sherin Prager;<br \/>Birgit Peters (\u201eNoticias y actualidad\u201c)<\/p>\t\t\t\t\t\t\t\t<\/div>\n\t\t\t\t<\/div>\n\t\t\t\t<div class=\"elementor-element elementor-element-3f4dcda elementor-align-start elementor-list-item-link-inline elementor-mobile-align-start elementor-icon-list--layout-traditional elementor-widget elementor-widget-icon-list\" data-id=\"3f4dcda\" data-element_type=\"widget\" data-e-type=\"widget\" data-widget_type=\"icon-list.default\">\n\t\t\t\t<div class=\"elementor-widget-container\">\n\t\t\t\t\t\t\t<ul class=\"elementor-icon-list-items\">\n\t\t\t\t\t\t\t<li class=\"elementor-icon-list-item\">\n\t\t\t\t\t\t\t\t\t\t\t<a href=\"mailto:webmaster@vb-bachstein.de\">\n\n\t\t\t\t\t\t\t\t\t\t\t\t<span class=\"elementor-icon-list-icon\">\n\t\t\t\t\t\t\t<i aria-hidden=\"true\" class=\"fas fa-paper-plane\"><\/i>\t\t\t\t\t\t<\/span>\n\t\t\t\t\t\t\t\t\t\t<span class=\"elementor-icon-list-text\">webmaster@vb-bachstein.de<\/span>\n\t\t\t\t\t\t\t\t\t\t\t<\/a>\n\t\t\t\t\t\t\t\t\t<\/li>\n\t\t\t\t\t\t<\/ul>\n\t\t\t\t\t\t<\/div>\n\t\t\t\t<\/div>\n\t\t\t\t<\/div>\n\t\t\t\t<div class=\"elementor-element elementor-element-74188db elementor-widget elementor-widget-text-editor\" data-id=\"74188db\" data-element_type=\"widget\" data-e-type=\"widget\" data-widget_type=\"text-editor.default\">\n\t\t\t\t<div class=\"elementor-widget-container\">\n\t\t\t\t\t\t\t\t\t<p><strong>Autorizaciones <\/strong><\/p><p>En Baja Sajonia, la Landesnahverkehrsgesellschaft Niedersachsen mbH (LNVG), Kurt-Schumacher-Stra\u00dfe 5, 30159 Hannover, es responsable de las licencias de conformidad con los art\u00edculos 42 y 43 de la PBefG. En Baja Sajonia, la autoridad de transporte inferior (distrito, regi\u00f3n, ciudad independiente) del lugar de actividad de la empresa es responsable de las licencias de conformidad con los art\u00edculos 48 y 49 de la PBefG.<\/p><p>En Baviera, el Gobierno de Alta Franconia, Ludwigstra\u00dfe 20, 95444 Bayreuth, es responsable de las autorizaciones de conformidad con los art\u00edculos 42, 43, 48 y 49 de la PBefG.<\/p><p>\u00a0<\/p><p><strong>Descargo de responsabilidad <\/strong><\/p><p>A pesar del cuidadoso control de los contenidos, no asumimos ninguna responsabilidad por el contenido de los enlaces externos. Los operadores de las p\u00e1ginas enlazadas son los \u00fanicos responsables de su contenido.\u00a0<\/p><p>\u00a0<\/p><p><strong>Dise\u00f1o y realizaci\u00f3n <\/strong><\/p><p><a href=\"https:\/\/blauzweig.de\/\" target=\"_blank\" rel=\"noopener\">blauzweig.de<\/a><\/p><p>\u00a0<\/p><p><strong>Derechos de imagen<\/strong><\/p><p>Salvo indicaci\u00f3n contraria:<br \/>\u00a9 Verkehrsbetriebe Bachstein GmbH<\/p>\t\t\t\t\t\t\t\t<\/div>\n\t\t\t\t<\/div>\n\t\t\t\t<\/div>\n\t\t\t\t\t<\/div>\n\t\t\t\t<\/div>\n\t\t\t\t<\/div>\n\t\t<\/div>\n\t\t\t\t\t\t<\/div>\n\t\t\t\t<\/div>\n\t\t\t\t\t<\/div>\n\t\t\t\t<\/div>\n\t\t\t\t<\/div>","protected":false},"excerpt":{"rendered":"","protected":false},"author":4,"featured_media":4083,"parent":0,"menu_order":39,"comment_status":"closed","ping_status":"closed","template":"","meta":{"footnotes":""},"class_list":["post-3242","page","type-page","status-publish","has-post-thumbnail","hentry"],"yoast_head":"<!-- This site is optimized with the Yoast SEO plugin v27.4 - https:\/\/yoast.com\/product\/yoast-seo-wordpress\/ -->\n<title>Impressum - VB-Hornburg<\/title>\n<meta name=\"robots\" content=\"index, follow, max-snippet:-1, max-image-preview:large, max-video-preview:-1\" \/>\n<link rel=\"canonical\" href=\"https:\/\/vb-bachstein.de\/hornburg\/imprimir\/\" \/>\n<meta property=\"og:locale\" content=\"es_ES\" \/>\n<meta property=\"og:type\" content=\"article\" \/>\n<meta property=\"og:title\" content=\"Impressum - VB-Hornburg\" \/>\n<meta property=\"og:url\" content=\"https:\/\/vb-bachstein.de\/hornburg\/imprimir\/\" \/>\n<meta property=\"og:site_name\" content=\"VB-Hornburg\" \/>\n<meta property=\"article:modified_time\" content=\"2026-01-19T12:47:54+00:00\" \/>\n<meta name=\"twitter:card\" content=\"summary_large_image\" \/>\n<meta name=\"twitter:label1\" content=\"Tiempo de lectura\" \/>\n\t<meta name=\"twitter:data1\" content=\"1 minuto\" \/>\n<script type=\"application\/ld+json\" class=\"yoast-schema-graph\">{\"@context\":\"https:\\\/\\\/schema.org\",\"@graph\":[{\"@type\":\"WebPage\",\"@id\":\"https:\\\/\\\/vb-bachstein.de\\\/hornburg\\\/impressum\\\/\",\"url\":\"https:\\\/\\\/vb-bachstein.de\\\/hornburg\\\/impressum\\\/\",\"name\":\"Impressum - VB-Hornburg\",\"isPartOf\":{\"@id\":\"https:\\\/\\\/vb-bachstein.de\\\/hornburg\\\/#website\"},\"primaryImageOfPage\":{\"@id\":\"https:\\\/\\\/vb-bachstein.de\\\/hornburg\\\/impressum\\\/#primaryimage\"},\"image\":{\"@id\":\"https:\\\/\\\/vb-bachstein.de\\\/hornburg\\\/impressum\\\/#primaryimage\"},\"thumbnailUrl\":\"https:\\\/\\\/vb-bachstein.de\\\/hornburg\\\/wp-content\\\/uploads\\\/sites\\\/14\\\/header-subsites_vb-2.jpg\",\"datePublished\":\"2025-10-14T13:17:03+00:00\",\"dateModified\":\"2026-01-19T12:47:54+00:00\",\"breadcrumb\":{\"@id\":\"https:\\\/\\\/vb-bachstein.de\\\/hornburg\\\/impressum\\\/#breadcrumb\"},\"inLanguage\":\"es\",\"potentialAction\":[{\"@type\":\"ReadAction\",\"target\":[\"https:\\\/\\\/vb-bachstein.de\\\/hornburg\\\/impressum\\\/\"]}]},{\"@type\":\"ImageObject\",\"inLanguage\":\"es\",\"@id\":\"https:\\\/\\\/vb-bachstein.de\\\/hornburg\\\/impressum\\\/#primaryimage\",\"url\":\"https:\\\/\\\/vb-bachstein.de\\\/hornburg\\\/wp-content\\\/uploads\\\/sites\\\/14\\\/header-subsites_vb-2.jpg\",\"contentUrl\":\"https:\\\/\\\/vb-bachstein.de\\\/hornburg\\\/wp-content\\\/uploads\\\/sites\\\/14\\\/header-subsites_vb-2.jpg\"},{\"@type\":\"BreadcrumbList\",\"@id\":\"https:\\\/\\\/vb-bachstein.de\\\/hornburg\\\/impressum\\\/#breadcrumb\",\"itemListElement\":[{\"@type\":\"ListItem\",\"position\":1,\"name\":\"Startseite\",\"item\":\"https:\\\/\\\/vb-bachstein.de\\\/hornburg\\\/\"},{\"@type\":\"ListItem\",\"position\":2,\"name\":\"Impressum\"}]},{\"@type\":\"WebSite\",\"@id\":\"https:\\\/\\\/vb-bachstein.de\\\/hornburg\\\/#website\",\"url\":\"https:\\\/\\\/vb-bachstein.de\\\/hornburg\\\/\",\"name\":\"VB-Hornburg\",\"description\":\"\",\"publisher\":{\"@id\":\"https:\\\/\\\/vb-bachstein.de\\\/hornburg\\\/#organization\"},\"potentialAction\":[{\"@type\":\"SearchAction\",\"target\":{\"@type\":\"EntryPoint\",\"urlTemplate\":\"https:\\\/\\\/vb-bachstein.de\\\/hornburg\\\/?s={search_term_string}\"},\"query-input\":{\"@type\":\"PropertyValueSpecification\",\"valueRequired\":true,\"valueName\":\"search_term_string\"}}],\"inLanguage\":\"es\"},{\"@type\":\"Organization\",\"@id\":\"https:\\\/\\\/vb-bachstein.de\\\/hornburg\\\/#organization\",\"name\":\"VB-Hornburg\",\"url\":\"https:\\\/\\\/vb-bachstein.de\\\/hornburg\\\/\",\"logo\":{\"@type\":\"ImageObject\",\"inLanguage\":\"es\",\"@id\":\"https:\\\/\\\/vb-bachstein.de\\\/hornburg\\\/#\\\/schema\\\/logo\\\/image\\\/\",\"url\":\"https:\\\/\\\/vb-bachstein.de\\\/hornburg\\\/wp-content\\\/uploads\\\/sites\\\/14\\\/vb-bachstein_logo.svg\",\"contentUrl\":\"https:\\\/\\\/vb-bachstein.de\\\/hornburg\\\/wp-content\\\/uploads\\\/sites\\\/14\\\/vb-bachstein_logo.svg\",\"caption\":\"VB-Hornburg\"},\"image\":{\"@id\":\"https:\\\/\\\/vb-bachstein.de\\\/hornburg\\\/#\\\/schema\\\/logo\\\/image\\\/\"}}]}<\/script>\n<!-- \/ Yoast SEO plugin. -->","yoast_head_json":{"title":"Pie de imprenta - VB-Hornburg","robots":{"index":"index","follow":"follow","max-snippet":"max-snippet:-1","max-image-preview":"max-image-preview:large","max-video-preview":"max-video-preview:-1"},"canonical":"https:\/\/vb-bachstein.de\/hornburg\/imprimir\/","og_locale":"es_ES","og_type":"article","og_title":"Impressum - VB-Hornburg","og_url":"https:\/\/vb-bachstein.de\/hornburg\/imprimir\/","og_site_name":"VB-Hornburg","article_modified_time":"2026-01-19T12:47:54+00:00","twitter_card":"summary_large_image","twitter_misc":{"Tiempo de lectura":"1 minuto"},"schema":{"@context":"https:\/\/schema.org","@graph":[{"@type":"WebPage","@id":"https:\/\/vb-bachstein.de\/hornburg\/impressum\/","url":"https:\/\/vb-bachstein.de\/hornburg\/impressum\/","name":"Pie de imprenta - VB-Hornburg","isPartOf":{"@id":"https:\/\/vb-bachstein.de\/hornburg\/#website"},"primaryImageOfPage":{"@id":"https:\/\/vb-bachstein.de\/hornburg\/impressum\/#primaryimage"},"image":{"@id":"https:\/\/vb-bachstein.de\/hornburg\/impressum\/#primaryimage"},"thumbnailUrl":"https:\/\/vb-bachstein.de\/hornburg\/wp-content\/uploads\/sites\/14\/header-subsites_vb-2.jpg","datePublished":"2025-10-14T13:17:03+00:00","dateModified":"2026-01-19T12:47:54+00:00","breadcrumb":{"@id":"https:\/\/vb-bachstein.de\/hornburg\/impressum\/#breadcrumb"},"inLanguage":"es","potentialAction":[{"@type":"ReadAction","target":["https:\/\/vb-bachstein.de\/hornburg\/impressum\/"]}]},{"@type":"ImageObject","inLanguage":"es","@id":"https:\/\/vb-bachstein.de\/hornburg\/impressum\/#primaryimage","url":"https:\/\/vb-bachstein.de\/hornburg\/wp-content\/uploads\/sites\/14\/header-subsites_vb-2.jpg","contentUrl":"https:\/\/vb-bachstein.de\/hornburg\/wp-content\/uploads\/sites\/14\/header-subsites_vb-2.jpg"},{"@type":"BreadcrumbList","@id":"https:\/\/vb-bachstein.de\/hornburg\/impressum\/#breadcrumb","itemListElement":[{"@type":"ListItem","position":1,"name":"Startseite","item":"https:\/\/vb-bachstein.de\/hornburg\/"},{"@type":"ListItem","position":2,"name":"Impressum"}]},{"@type":"WebSite","@id":"https:\/\/vb-bachstein.de\/hornburg\/#website","url":"https:\/\/vb-bachstein.de\/hornburg\/","name":"VB-Hornburg","description":"","publisher":{"@id":"https:\/\/vb-bachstein.de\/hornburg\/#organization"},"potentialAction":[{"@type":"SearchAction","target":{"@type":"EntryPoint","urlTemplate":"https:\/\/vb-bachstein.de\/hornburg\/?s={search_term_string}"},"query-input":{"@type":"PropertyValueSpecification","valueRequired":true,"valueName":"search_term_string"}}],"inLanguage":"es"},{"@type":"Organization","@id":"https:\/\/vb-bachstein.de\/hornburg\/#organization","name":"VB-Hornburg","url":"https:\/\/vb-bachstein.de\/hornburg\/","logo":{"@type":"ImageObject","inLanguage":"es","@id":"https:\/\/vb-bachstein.de\/hornburg\/#\/schema\/logo\/image\/","url":"https:\/\/vb-bachstein.de\/hornburg\/wp-content\/uploads\/sites\/14\/vb-bachstein_logo.svg","contentUrl":"https:\/\/vb-bachstein.de\/hornburg\/wp-content\/uploads\/sites\/14\/vb-bachstein_logo.svg","caption":"VB-Hornburg"},"image":{"@id":"https:\/\/vb-bachstein.de\/hornburg\/#\/schema\/logo\/image\/"}}]}},"_links":{"self":[{"href":"https:\/\/vb-bachstein.de\/hornburg\/es\/wp-json\/wp\/v2\/pages\/3242","targetHints":{"allow":["GET"]}}],"collection":[{"href":"https:\/\/vb-bachstein.de\/hornburg\/es\/wp-json\/wp\/v2\/pages"}],"about":[{"href":"https:\/\/vb-bachstein.de\/hornburg\/es\/wp-json\/wp\/v2\/types\/page"}],"author":[{"embeddable":true,"href":"https:\/\/vb-bachstein.de\/hornburg\/es\/wp-json\/wp\/v2\/users\/4"}],"replies":[{"embeddable":true,"href":"https:\/\/vb-bachstein.de\/hornburg\/es\/wp-json\/wp\/v2\/comments?post=3242"}],"version-history":[{"count":0,"href":"https:\/\/vb-bachstein.de\/hornburg\/es\/wp-json\/wp\/v2\/pages\/3242\/revisions"}],"wp:featuredmedia":[{"embeddable":true,"href":"https:\/\/vb-bachstein.de\/hornburg\/es\/wp-json\/"}],"wp:attachment":[{"href":"https:\/\/vb-bachstein.de\/hornburg\/es\/wp-json\/wp\/v2\/media?parent=3242"}],"curies":[{"name":"wp","href":"https:\/\/api.w.org\/{rel}","templated":true}]}}