{"id":24,"date":"2024-07-10T11:42:20","date_gmt":"2024-07-10T09:42:20","guid":{"rendered":"https:\/\/vb-bachstein.de\/?page_id=24"},"modified":"2024-07-10T12:04:11","modified_gmt":"2024-07-10T10:04:11","slug":"proteccion-de-datos","status":"publish","type":"page","link":"https:\/\/vb-bachstein.de\/es\/datenschutz\/","title":{"rendered":"Protecci\u00f3n de datos"},"content":{"rendered":"<div data-elementor-type=\"wp-page\" data-elementor-id=\"24\" class=\"elementor elementor-24\" data-elementor-post-type=\"page\">\n\t\t\t\t<div class=\"elementor-element elementor-element-5c27d0f e-flex e-con-boxed wpr-particle-no wpr-jarallax-no wpr-parallax-no wpr-sticky-section-no wpr-column-slider-no wpr-equal-height-no e-con e-parent\" data-id=\"5c27d0f\" data-element_type=\"container\" data-e-type=\"container\">\n\t\t\t\t\t<div class=\"e-con-inner\">\n\t\t\t\t<div class=\"elementor-element elementor-element-3cc7d10 elementor-widget elementor-widget-heading\" data-id=\"3cc7d10\" data-element_type=\"widget\" data-e-type=\"widget\" data-widget_type=\"heading.default\">\n\t\t\t\t<div class=\"elementor-widget-container\">\n\t\t\t\t\t<h2 class=\"elementor-heading-title elementor-size-default\">PROTECCI\u00d3N DE DATOS<\/h2>\t\t\t\t<\/div>\n\t\t\t\t<\/div>\n\t\t\t\t<div class=\"elementor-element elementor-element-554b6fb elementor-widget elementor-widget-heading\" data-id=\"554b6fb\" data-element_type=\"widget\" data-e-type=\"widget\" data-widget_type=\"heading.default\">\n\t\t\t\t<div class=\"elementor-widget-container\">\n\t\t\t\t\t<h4 class=\"elementor-heading-title elementor-size-default\">Todo de un vistazo<\/h4>\t\t\t\t<\/div>\n\t\t\t\t<\/div>\n\t\t\t\t<div class=\"elementor-element elementor-element-3022eb7 elementor-widget elementor-widget-text-editor\" data-id=\"3022eb7\" data-element_type=\"widget\" data-e-type=\"widget\" data-widget_type=\"text-editor.default\">\n\t\t\t\t<div class=\"elementor-widget-container\">\n\t\t\t\t\t\t\t\t\t<p>La siguiente informaci\u00f3n ofrece una visi\u00f3n general de lo que ocurre con sus datos personales cuando visita este sitio web. Por datos personales se entiende cualquier dato que pueda utilizarse para identificarle personalmente. Para obtener informaci\u00f3n detallada sobre el tema de la protecci\u00f3n de datos, consulte nuestra pol\u00edtica de privacidad que figura debajo de este texto.<\/p>\t\t\t\t\t\t\t\t<\/div>\n\t\t\t\t<\/div>\n\t\t\t\t\t<\/div>\n\t\t\t\t<\/div>\n\t\t<div class=\"elementor-element elementor-element-0add625 e-flex e-con-boxed wpr-particle-no wpr-jarallax-no wpr-parallax-no wpr-sticky-section-no wpr-column-slider-no wpr-equal-height-no e-con e-parent\" data-id=\"0add625\" data-element_type=\"container\" data-e-type=\"container\">\n\t\t\t\t\t<div class=\"e-con-inner\">\n\t\t\t\t<div class=\"elementor-element elementor-element-6ff6ee1 elementor-widget elementor-widget-heading\" data-id=\"6ff6ee1\" data-element_type=\"widget\" data-e-type=\"widget\" data-widget_type=\"heading.default\">\n\t\t\t\t<div class=\"elementor-widget-container\">\n\t\t\t\t\t<h2 class=\"elementor-heading-title elementor-size-default\">Habr\u00e1 mucho m\u00e1s aqu\u00ed pronto, pero... bueno... todo a su tiempo.<\/h2>\t\t\t\t<\/div>\n\t\t\t\t<\/div>\n\t\t\t\t\t<\/div>\n\t\t\t\t<\/div>\n\t\t\t\t<\/div>","protected":false},"excerpt":{"rendered":"<p>DATENSCHUTZ Alles auf einen Blick Die folgenden Hinweise geben einen einfachen \u00dcberblick dar\u00fcber, was mit deinen personenbezogenen Daten passiert, wenn du diese Website besuchst. Personenbezogene Daten sind alle Daten, mit denen du pers\u00f6nlich identifiziert werden kannst. Ausf\u00fchrliche Informationen zum Thema Datenschutz entnehme unserer unter diesem Text aufgef\u00fchrten Datenschutzerkl\u00e4rung. Hier wird bald um einiges mehr stehen, aber&#8230; nun&#8230; alles zu seiner Zeit.<\/p>","protected":false},"author":1,"featured_media":0,"parent":0,"menu_order":0,"comment_status":"closed","ping_status":"closed","template":"","meta":{"footnotes":""},"class_list":["post-24","page","type-page","status-publish","hentry"],"yoast_head":"<!-- This site is optimized with the Yoast SEO plugin v27.5 - https:\/\/yoast.com\/product\/yoast-seo-wordpress\/ -->\n<title>Datenschutz - VB-Portalseite<\/title>\n<meta name=\"robots\" content=\"index, follow, max-snippet:-1, max-image-preview:large, max-video-preview:-1\" \/>\n<link rel=\"canonical\" href=\"https:\/\/vb-bachstein.de\/es\/proteccion-de-datos\/\" \/>\n<meta property=\"og:locale\" content=\"es_ES\" \/>\n<meta property=\"og:type\" content=\"article\" \/>\n<meta property=\"og:title\" content=\"Datenschutz - VB-Portalseite\" \/>\n<meta property=\"og:description\" content=\"DATENSCHUTZ Alles auf einen Blick Die folgenden Hinweise geben einen einfachen \u00dcberblick dar\u00fcber, was mit deinen personenbezogenen Daten passiert, wenn du diese Website besuchst. Personenbezogene Daten sind alle Daten, mit denen du pers\u00f6nlich identifiziert werden kannst. Ausf\u00fchrliche Informationen zum Thema Datenschutz entnehme unserer unter diesem Text aufgef\u00fchrten Datenschutzerkl\u00e4rung. Hier wird bald um einiges mehr stehen, aber&#8230; nun&#8230; alles zu seiner Zeit.\" \/>\n<meta property=\"og:url\" content=\"https:\/\/vb-bachstein.de\/es\/proteccion-de-datos\/\" \/>\n<meta property=\"og:site_name\" content=\"VB-Portalseite\" \/>\n<meta property=\"article:modified_time\" content=\"2024-07-10T10:04:11+00:00\" \/>\n<meta name=\"twitter:card\" content=\"summary_large_image\" \/>\n<meta name=\"twitter:label1\" content=\"Tiempo de lectura\" \/>\n\t<meta name=\"twitter:data1\" content=\"1 minuto\" \/>\n<script type=\"application\/ld+json\" class=\"yoast-schema-graph\">{\"@context\":\"https:\\\/\\\/schema.org\",\"@graph\":[{\"@type\":\"WebPage\",\"@id\":\"https:\\\/\\\/vb-bachstein.de\\\/datenschutz\\\/\",\"url\":\"https:\\\/\\\/vb-bachstein.de\\\/datenschutz\\\/\",\"name\":\"Datenschutz - VB-Portalseite\",\"isPartOf\":{\"@id\":\"https:\\\/\\\/vb-bachstein.de\\\/#website\"},\"datePublished\":\"2024-07-10T09:42:20+00:00\",\"dateModified\":\"2024-07-10T10:04:11+00:00\",\"breadcrumb\":{\"@id\":\"https:\\\/\\\/vb-bachstein.de\\\/datenschutz\\\/#breadcrumb\"},\"inLanguage\":\"es\",\"potentialAction\":[{\"@type\":\"ReadAction\",\"target\":[\"https:\\\/\\\/vb-bachstein.de\\\/datenschutz\\\/\"]}]},{\"@type\":\"BreadcrumbList\",\"@id\":\"https:\\\/\\\/vb-bachstein.de\\\/datenschutz\\\/#breadcrumb\",\"itemListElement\":[{\"@type\":\"ListItem\",\"position\":1,\"name\":\"Startseite\",\"item\":\"https:\\\/\\\/vb-bachstein.de\\\/\"},{\"@type\":\"ListItem\",\"position\":2,\"name\":\"Datenschutz\"}]},{\"@type\":\"WebSite\",\"@id\":\"https:\\\/\\\/vb-bachstein.de\\\/#website\",\"url\":\"https:\\\/\\\/vb-bachstein.de\\\/\",\"name\":\"VB-Portalseite\",\"description\":\"\",\"publisher\":{\"@id\":\"https:\\\/\\\/vb-bachstein.de\\\/#organization\"},\"potentialAction\":[{\"@type\":\"SearchAction\",\"target\":{\"@type\":\"EntryPoint\",\"urlTemplate\":\"https:\\\/\\\/vb-bachstein.de\\\/?s={search_term_string}\"},\"query-input\":{\"@type\":\"PropertyValueSpecification\",\"valueRequired\":true,\"valueName\":\"search_term_string\"}}],\"inLanguage\":\"es\"},{\"@type\":\"Organization\",\"@id\":\"https:\\\/\\\/vb-bachstein.de\\\/#organization\",\"name\":\"VB-Portalseite\",\"url\":\"https:\\\/\\\/vb-bachstein.de\\\/\",\"logo\":{\"@type\":\"ImageObject\",\"inLanguage\":\"es\",\"@id\":\"https:\\\/\\\/vb-bachstein.de\\\/#\\\/schema\\\/logo\\\/image\\\/\",\"url\":\"https:\\\/\\\/vb-bachstein.de\\\/wp-content\\\/uploads\\\/sites\\\/14\\\/vb-bachstein_logo.svg\",\"contentUrl\":\"https:\\\/\\\/vb-bachstein.de\\\/wp-content\\\/uploads\\\/sites\\\/14\\\/vb-bachstein_logo.svg\",\"caption\":\"VB-Portalseite\"},\"image\":{\"@id\":\"https:\\\/\\\/vb-bachstein.de\\\/#\\\/schema\\\/logo\\\/image\\\/\"}}]}<\/script>\n<!-- \/ Yoast SEO plugin. -->","yoast_head_json":{"title":"Protecci\u00f3n de datos - P\u00e1gina del portal VB","robots":{"index":"index","follow":"follow","max-snippet":"max-snippet:-1","max-image-preview":"max-image-preview:large","max-video-preview":"max-video-preview:-1"},"canonical":"https:\/\/vb-bachstein.de\/es\/proteccion-de-datos\/","og_locale":"es_ES","og_type":"article","og_title":"Datenschutz - VB-Portalseite","og_description":"DATENSCHUTZ Alles auf einen Blick Die folgenden Hinweise geben einen einfachen \u00dcberblick dar\u00fcber, was mit deinen personenbezogenen Daten passiert, wenn du diese Website besuchst. Personenbezogene Daten sind alle Daten, mit denen du pers\u00f6nlich identifiziert werden kannst. Ausf\u00fchrliche Informationen zum Thema Datenschutz entnehme unserer unter diesem Text aufgef\u00fchrten Datenschutzerkl\u00e4rung. Hier wird bald um einiges mehr stehen, aber&#8230; nun&#8230; alles zu seiner Zeit.","og_url":"https:\/\/vb-bachstein.de\/es\/proteccion-de-datos\/","og_site_name":"VB-Portalseite","article_modified_time":"2024-07-10T10:04:11+00:00","twitter_card":"summary_large_image","twitter_misc":{"Tiempo de lectura":"1 minuto"},"schema":{"@context":"https:\/\/schema.org","@graph":[{"@type":"WebPage","@id":"https:\/\/vb-bachstein.de\/datenschutz\/","url":"https:\/\/vb-bachstein.de\/datenschutz\/","name":"Protecci\u00f3n de datos - P\u00e1gina del portal VB","isPartOf":{"@id":"https:\/\/vb-bachstein.de\/#website"},"datePublished":"2024-07-10T09:42:20+00:00","dateModified":"2024-07-10T10:04:11+00:00","breadcrumb":{"@id":"https:\/\/vb-bachstein.de\/datenschutz\/#breadcrumb"},"inLanguage":"es","potentialAction":[{"@type":"ReadAction","target":["https:\/\/vb-bachstein.de\/datenschutz\/"]}]},{"@type":"BreadcrumbList","@id":"https:\/\/vb-bachstein.de\/datenschutz\/#breadcrumb","itemListElement":[{"@type":"ListItem","position":1,"name":"Startseite","item":"https:\/\/vb-bachstein.de\/"},{"@type":"ListItem","position":2,"name":"Datenschutz"}]},{"@type":"WebSite","@id":"https:\/\/vb-bachstein.de\/#website","url":"https:\/\/vb-bachstein.de\/","name":"P\u00e1gina del portal VB","description":"","publisher":{"@id":"https:\/\/vb-bachstein.de\/#organization"},"potentialAction":[{"@type":"SearchAction","target":{"@type":"EntryPoint","urlTemplate":"https:\/\/vb-bachstein.de\/?s={search_term_string}"},"query-input":{"@type":"PropertyValueSpecification","valueRequired":true,"valueName":"search_term_string"}}],"inLanguage":"es"},{"@type":"Organization","@id":"https:\/\/vb-bachstein.de\/#organization","name":"P\u00e1gina del portal VB","url":"https:\/\/vb-bachstein.de\/","logo":{"@type":"ImageObject","inLanguage":"es","@id":"https:\/\/vb-bachstein.de\/#\/schema\/logo\/image\/","url":"https:\/\/vb-bachstein.de\/wp-content\/uploads\/sites\/14\/vb-bachstein_logo.svg","contentUrl":"https:\/\/vb-bachstein.de\/wp-content\/uploads\/sites\/14\/vb-bachstein_logo.svg","caption":"VB-Portalseite"},"image":{"@id":"https:\/\/vb-bachstein.de\/#\/schema\/logo\/image\/"}}]}},"_links":{"self":[{"href":"https:\/\/vb-bachstein.de\/es\/wp-json\/wp\/v2\/pages\/24","targetHints":{"allow":["GET"]}}],"collection":[{"href":"https:\/\/vb-bachstein.de\/es\/wp-json\/wp\/v2\/pages"}],"about":[{"href":"https:\/\/vb-bachstein.de\/es\/wp-json\/wp\/v2\/types\/page"}],"author":[{"embeddable":true,"href":"https:\/\/vb-bachstein.de\/es\/wp-json\/wp\/v2\/users\/1"}],"replies":[{"embeddable":true,"href":"https:\/\/vb-bachstein.de\/es\/wp-json\/wp\/v2\/comments?post=24"}],"version-history":[{"count":0,"href":"https:\/\/vb-bachstein.de\/es\/wp-json\/wp\/v2\/pages\/24\/revisions"}],"wp:attachment":[{"href":"https:\/\/vb-bachstein.de\/es\/wp-json\/wp\/v2\/media?parent=24"}],"curies":[{"name":"wp","href":"https:\/\/api.w.org\/{rel}","templated":true}]}}